{"id":1567,"date":"2024-11-28T12:35:37","date_gmt":"2024-11-28T12:35:37","guid":{"rendered":"https:\/\/demo.restaurantereidaspraias.com\/?page_id=1567"},"modified":"2024-11-29T17:02:37","modified_gmt":"2024-11-29T17:02:37","slug":"bedden","status":"publish","type":"page","link":"https:\/\/restaurantereidaspraias.com\/nl\/bedden\/","title":{"rendered":"Bedden"},"content":{"rendered":"<div data-elementor-type=\"wp-page\" data-elementor-id=\"1567\" class=\"elementor elementor-1567\">\n\t\t\t\t\t\t<section class=\"elementor-section elementor-top-section elementor-element elementor-element-3daab339 elementor-section-full_width elementor-section-height-min-height elementor-section-items-stretch elementor-reverse-mobile elementor-section-height-default\" data-id=\"3daab339\" data-element_type=\"section\" data-settings=\"{&quot;background_background&quot;:&quot;classic&quot;}\">\n\t\t\t\t\t\t<div class=\"elementor-container elementor-column-gap-no\">\n\t\t\t\t\t<div class=\"elementor-column elementor-col-50 elementor-top-column elementor-element elementor-element-40838a60\" data-id=\"40838a60\" data-element_type=\"column\">\n\t\t\t<div class=\"elementor-widget-wrap elementor-element-populated\">\n\t\t\t\t\t\t<div class=\"elementor-element elementor-element-8d1a48e pt-animation-medium-offset elementor-invisible elementor-widget elementor-widget-pt_title\" data-id=\"8d1a48e\" data-element_type=\"widget\" data-settings=\"{&quot;_animation&quot;:&quot;fadeInUp&quot;,&quot;_animation_delay&quot;:100}\" data-widget_type=\"pt_title.default\">\n\t\t\t\t<div class=\"elementor-widget-container\">\n\t\t\t\t\t\n        <div class=\"pt-title-wrap\">\t            <div class=\"pt-subtitle-wrap\"><span class=\"pt-subtitle color-secondary\">Caneiros Strand<\/span><\/div>\t            <h3 class=\"pt-title\">\n\t                BEDDEN\t            <\/h3>\t            <div class=\"pt-title-text\">\n\t                <p>Moderne, luxe ligstoelen in een uitstekende omgeving, speciaal voor jou. Ontspan in stijl met een fantastisch uitzicht op de Atlantische Oceaan. Supercomfortabele grote bedden en individuele ligstoelen, die je voor een hele dag of \u00bd dag kunt huren.<\/p>\t            <\/div>        <\/div>\t\t\t\t<\/div>\n\t\t\t\t<\/div>\n\t\t\t\t\t<\/div>\n\t\t<\/div>\n\t\t\t\t<div class=\"elementor-column elementor-col-50 elementor-top-column elementor-element elementor-element-5feddd39\" data-id=\"5feddd39\" data-element_type=\"column\" data-settings=\"{&quot;background_background&quot;:&quot;classic&quot;}\">\n\t\t\t<div class=\"elementor-widget-wrap elementor-element-populated\">\n\t\t\t\t\t\t<div class=\"elementor-element elementor-element-5979b546 elementor-widget elementor-widget-spacer\" data-id=\"5979b546\" data-element_type=\"widget\" data-widget_type=\"spacer.default\">\n\t\t\t\t<div class=\"elementor-widget-container\">\n\t\t\t\t\t\t\t<div class=\"elementor-spacer\">\n\t\t\t<div class=\"elementor-spacer-inner\"><\/div>\n\t\t<\/div>\n\t\t\t\t\t\t<\/div>\n\t\t\t\t<\/div>\n\t\t\t\t\t<\/div>\n\t\t<\/div>\n\t\t\t\t\t<\/div>\n\t\t<\/section>\n\t\t\t\t<\/div>","protected":false},"excerpt":{"rendered":"<p>Praia dos Caneiros BEDS Moderne, luxe ligbedden in een uitstekende omgeving, speciaal voor jou. Ontspan in stijl met een fantastisch uitzicht op de Atlantische Oceaan. Supercomfortabele grote bedden en individuele ligstoelen, die je voor een hele dag of \u00bd dag kunt huren.<\/p>","protected":false},"author":1,"featured_media":0,"parent":0,"menu_order":0,"comment_status":"closed","ping_status":"closed","template":"template-wide-content.php","meta":{"_themeisle_gutenberg_block_has_review":false,"patiotime_single_page_hide_site_header":"","patiotime_single_page_site_header_source":"","patiotime_single_page_custom_site_header":"0","patiotime_single_page_custom_sticky_site_header":"0","patiotime_single_page_custom_page_title_margin_top_source":"","patiotime_single_page_custom_page_title_desktop_margin_top":"","patiotime_single_page_custom_page_title_tablet_margin_top":"","patiotime_single_page_custom_page_title_mobile_margin_top":"","patiotime_single_page_hide_page_title":"","patiotime_single_page_header_section_size":"","patiotime_single_page_header_background_color":"","patiotime_single_page_header_background_position_x":"center","patiotime_single_page_header_background_position_y":"center","patiotime_single_page_header_background_size":"cover","patiotime_single_page_header_background_repeat":"off","patiotime_single_page_header_background_scroll":"on","patiotime_single_page_header_text_color":"","patiotime_single_page_header_show_breadcrumb":"","patiotime_single_page_site_footer_hide_main":"","patiotime_single_custom_site_footer_main_source":"","patiotime_single_custom_site_footer_main":"0","patiotime_single_page_site_footer_hide_above":"","patiotime_single_custom_site_footer_above_source":"","patiotime_single_custom_site_footer_above":"0","patiotime_single_page_site_footer_hide_instagram":"","patiotime_single_page_site_footer_hide_bottom":"","patiotime_single_custom_mobile_menu_source":"","patiotime_single_custom_mobile_menu":"0","patiotime_single_custom_mobile_menu_animation":"","patiotime_single_custom_mobile_menu_width":"","patiotime_single_custom_mobile_menu_custom_width":375,"footnotes":""},"class_list":["post-1567","page","type-page","status-publish","hentry"],"yoast_head":"<!-- This site is optimized with the Yoast SEO plugin v26.4 - https:\/\/yoast.com\/wordpress\/plugins\/seo\/ -->\n<title>Camas - Restaurante Rei das Praias<\/title>\n<meta name=\"description\" content=\"Espregui\u00e7adeiras modernas e luxuosas num excelente ambiente, especialmente para si. Relaxe em grande estilo com uma fant\u00e1stica vista sobre o Atl\u00e2ntico. Camas grandes super confort\u00e1veis e ainda espregui\u00e7adeiras individuais, que poder\u00e1 alugar durante um dia inteiro ou \u00bd dia.\" \/>\n<meta name=\"robots\" content=\"index, follow, max-snippet:-1, max-image-preview:large, max-video-preview:-1\" \/>\n<link rel=\"canonical\" href=\"https:\/\/restaurantereidaspraias.com\/nl\/bedden\/\" \/>\n<meta property=\"og:locale\" content=\"nl_NL\" \/>\n<meta property=\"og:type\" content=\"article\" \/>\n<meta property=\"og:title\" content=\"Camas - Restaurante Rei das Praias\" \/>\n<meta property=\"og:description\" content=\"Espregui\u00e7adeiras modernas e luxuosas num excelente ambiente, especialmente para si. Relaxe em grande estilo com uma fant\u00e1stica vista sobre o Atl\u00e2ntico. Camas grandes super confort\u00e1veis e ainda espregui\u00e7adeiras individuais, que poder\u00e1 alugar durante um dia inteiro ou \u00bd dia.\" \/>\n<meta property=\"og:url\" content=\"https:\/\/restaurantereidaspraias.com\/nl\/bedden\/\" \/>\n<meta property=\"og:site_name\" content=\"Restaurante Rei das Praias\" \/>\n<meta property=\"article:modified_time\" content=\"2024-11-29T17:02:37+00:00\" \/>\n<meta name=\"twitter:card\" content=\"summary_large_image\" \/>\n<meta name=\"twitter:label1\" content=\"Geschatte leestijd\" \/>\n\t<meta name=\"twitter:data1\" content=\"1 minuut\" \/>\n<script type=\"application\/ld+json\" class=\"yoast-schema-graph\">{\"@context\":\"https:\/\/schema.org\",\"@graph\":[{\"@type\":\"WebPage\",\"@id\":\"https:\/\/restaurantereidaspraias.com\/camas\/\",\"url\":\"https:\/\/restaurantereidaspraias.com\/camas\/\",\"name\":\"Camas - Restaurante Rei das Praias\",\"isPartOf\":{\"@id\":\"https:\/\/restaurantereidaspraias.com\/#website\"},\"datePublished\":\"2024-11-28T12:35:37+00:00\",\"dateModified\":\"2024-11-29T17:02:37+00:00\",\"description\":\"Espregui\u00e7adeiras modernas e luxuosas num excelente ambiente, especialmente para si. Relaxe em grande estilo com uma fant\u00e1stica vista sobre o Atl\u00e2ntico. Camas grandes super confort\u00e1veis e ainda espregui\u00e7adeiras individuais, que poder\u00e1 alugar durante um dia inteiro ou \u00bd dia.\",\"breadcrumb\":{\"@id\":\"https:\/\/restaurantereidaspraias.com\/camas\/#breadcrumb\"},\"inLanguage\":\"nl-NL\",\"potentialAction\":[{\"@type\":\"ReadAction\",\"target\":[\"https:\/\/restaurantereidaspraias.com\/camas\/\"]}]},{\"@type\":\"BreadcrumbList\",\"@id\":\"https:\/\/restaurantereidaspraias.com\/camas\/#breadcrumb\",\"itemListElement\":[{\"@type\":\"ListItem\",\"position\":1,\"name\":\"In\u00edcio\",\"item\":\"https:\/\/restaurantereidaspraias.com\/\"},{\"@type\":\"ListItem\",\"position\":2,\"name\":\"Camas\"}]},{\"@type\":\"WebSite\",\"@id\":\"https:\/\/restaurantereidaspraias.com\/#website\",\"url\":\"https:\/\/restaurantereidaspraias.com\/\",\"name\":\"Restaurante Rei das Praias\",\"description\":\"\",\"publisher\":{\"@id\":\"https:\/\/restaurantereidaspraias.com\/#organization\"},\"potentialAction\":[{\"@type\":\"SearchAction\",\"target\":{\"@type\":\"EntryPoint\",\"urlTemplate\":\"https:\/\/restaurantereidaspraias.com\/?s={search_term_string}\"},\"query-input\":{\"@type\":\"PropertyValueSpecification\",\"valueRequired\":true,\"valueName\":\"search_term_string\"}}],\"inLanguage\":\"nl-NL\"},{\"@type\":\"Organization\",\"@id\":\"https:\/\/restaurantereidaspraias.com\/#organization\",\"name\":\"Restaurante Rei das Praias\",\"url\":\"https:\/\/restaurantereidaspraias.com\/\",\"logo\":{\"@type\":\"ImageObject\",\"inLanguage\":\"nl-NL\",\"@id\":\"https:\/\/restaurantereidaspraias.com\/#\/schema\/logo\/image\/\",\"url\":\"https:\/\/restaurantereidaspraias.com\/wp-content\/uploads\/2024\/11\/cropped-FAV_ICON.png\",\"contentUrl\":\"https:\/\/restaurantereidaspraias.com\/wp-content\/uploads\/2024\/11\/cropped-FAV_ICON.png\",\"width\":500,\"height\":500,\"caption\":\"Restaurante Rei das Praias\"},\"image\":{\"@id\":\"https:\/\/restaurantereidaspraias.com\/#\/schema\/logo\/image\/\"}}]}<\/script>\n<!-- \/ Yoast SEO plugin. -->","yoast_head_json":{"title":"Bedden - Restaurant Rei das Praias","description":"Moderne, luxe ligstoelen in een uitstekende omgeving, speciaal voor jou. Ontspan in stijl met een fantastisch uitzicht op de Atlantische Oceaan. Supercomfortabele grote bedden en individuele ligstoelen, die je voor een hele dag of \u00bd dag kunt huren.","robots":{"index":"index","follow":"follow","max-snippet":"max-snippet:-1","max-image-preview":"max-image-preview:large","max-video-preview":"max-video-preview:-1"},"canonical":"https:\/\/restaurantereidaspraias.com\/nl\/bedden\/","og_locale":"nl_NL","og_type":"article","og_title":"Camas - Restaurante Rei das Praias","og_description":"Espregui\u00e7adeiras modernas e luxuosas num excelente ambiente, especialmente para si. Relaxe em grande estilo com uma fant\u00e1stica vista sobre o Atl\u00e2ntico. Camas grandes super confort\u00e1veis e ainda espregui\u00e7adeiras individuais, que poder\u00e1 alugar durante um dia inteiro ou \u00bd dia.","og_url":"https:\/\/restaurantereidaspraias.com\/nl\/bedden\/","og_site_name":"Restaurante Rei das Praias","article_modified_time":"2024-11-29T17:02:37+00:00","twitter_card":"summary_large_image","twitter_misc":{"Geschatte leestijd":"1 minuut"},"schema":{"@context":"https:\/\/schema.org","@graph":[{"@type":"WebPage","@id":"https:\/\/restaurantereidaspraias.com\/camas\/","url":"https:\/\/restaurantereidaspraias.com\/camas\/","name":"Bedden - Restaurant Rei das Praias","isPartOf":{"@id":"https:\/\/restaurantereidaspraias.com\/#website"},"datePublished":"2024-11-28T12:35:37+00:00","dateModified":"2024-11-29T17:02:37+00:00","description":"Moderne, luxe ligstoelen in een uitstekende omgeving, speciaal voor jou. Ontspan in stijl met een fantastisch uitzicht op de Atlantische Oceaan. Supercomfortabele grote bedden en individuele ligstoelen, die je voor een hele dag of \u00bd dag kunt huren.","breadcrumb":{"@id":"https:\/\/restaurantereidaspraias.com\/camas\/#breadcrumb"},"inLanguage":"nl-NL","potentialAction":[{"@type":"ReadAction","target":["https:\/\/restaurantereidaspraias.com\/camas\/"]}]},{"@type":"BreadcrumbList","@id":"https:\/\/restaurantereidaspraias.com\/camas\/#breadcrumb","itemListElement":[{"@type":"ListItem","position":1,"name":"In\u00edcio","item":"https:\/\/restaurantereidaspraias.com\/"},{"@type":"ListItem","position":2,"name":"Camas"}]},{"@type":"WebSite","@id":"https:\/\/restaurantereidaspraias.com\/#website","url":"https:\/\/restaurantereidaspraias.com\/","name":"Rei das Praias Restaurant","description":"","publisher":{"@id":"https:\/\/restaurantereidaspraias.com\/#organization"},"potentialAction":[{"@type":"SearchAction","target":{"@type":"EntryPoint","urlTemplate":"https:\/\/restaurantereidaspraias.com\/?s={search_term_string}"},"query-input":{"@type":"PropertyValueSpecification","valueRequired":true,"valueName":"search_term_string"}}],"inLanguage":"nl-NL"},{"@type":"Organization","@id":"https:\/\/restaurantereidaspraias.com\/#organization","name":"Rei das Praias Restaurant","url":"https:\/\/restaurantereidaspraias.com\/","logo":{"@type":"ImageObject","inLanguage":"nl-NL","@id":"https:\/\/restaurantereidaspraias.com\/#\/schema\/logo\/image\/","url":"https:\/\/restaurantereidaspraias.com\/wp-content\/uploads\/2024\/11\/cropped-FAV_ICON.png","contentUrl":"https:\/\/restaurantereidaspraias.com\/wp-content\/uploads\/2024\/11\/cropped-FAV_ICON.png","width":500,"height":500,"caption":"Restaurante Rei das Praias"},"image":{"@id":"https:\/\/restaurantereidaspraias.com\/#\/schema\/logo\/image\/"}}]}},"_links":{"self":[{"href":"https:\/\/restaurantereidaspraias.com\/nl\/wp-json\/wp\/v2\/pages\/1567","targetHints":{"allow":["GET"]}}],"collection":[{"href":"https:\/\/restaurantereidaspraias.com\/nl\/wp-json\/wp\/v2\/pages"}],"about":[{"href":"https:\/\/restaurantereidaspraias.com\/nl\/wp-json\/wp\/v2\/types\/page"}],"author":[{"embeddable":true,"href":"https:\/\/restaurantereidaspraias.com\/nl\/wp-json\/wp\/v2\/users\/1"}],"replies":[{"embeddable":true,"href":"https:\/\/restaurantereidaspraias.com\/nl\/wp-json\/wp\/v2\/comments?post=1567"}],"version-history":[{"count":8,"href":"https:\/\/restaurantereidaspraias.com\/nl\/wp-json\/wp\/v2\/pages\/1567\/revisions"}],"predecessor-version":[{"id":1579,"href":"https:\/\/restaurantereidaspraias.com\/nl\/wp-json\/wp\/v2\/pages\/1567\/revisions\/1579"}],"wp:attachment":[{"href":"https:\/\/restaurantereidaspraias.com\/nl\/wp-json\/wp\/v2\/media?parent=1567"}],"curies":[{"name":"wp","href":"https:\/\/api.w.org\/{rel}","templated":true}]}}