{"id":1237,"date":"2022-04-26T07:29:55","date_gmt":"2022-04-26T07:29:55","guid":{"rendered":"https:\/\/patiotime.loftocean.com\/demo4\/?page_id=13"},"modified":"2024-12-13T18:23:29","modified_gmt":"2024-12-13T18:23:29","slug":"contacten","status":"publish","type":"page","link":"https:\/\/restaurantereidaspraias.com\/nl\/contactos\/","title":{"rendered":"Neem contact op met"},"content":{"rendered":"<div data-elementor-type=\"wp-page\" data-elementor-id=\"1237\" class=\"elementor elementor-1237\">\n\t\t\t\t\t\t<section class=\"elementor-section elementor-top-section elementor-element elementor-element-08444e7 elementor-section-full_width elementor-section-height-min-height elementor-section-items-stretch elementor-section-height-default\" data-id=\"08444e7\" data-element_type=\"section\" data-e-type=\"section\" data-settings=\"{&quot;background_background&quot;:&quot;classic&quot;}\">\n\t\t\t\t\t\t<div class=\"elementor-container elementor-column-gap-no\">\n\t\t\t\t\t<div class=\"elementor-column elementor-col-50 elementor-top-column elementor-element elementor-element-42f2081\" data-id=\"42f2081\" data-element_type=\"column\" data-e-type=\"column\">\n\t\t\t<div class=\"elementor-widget-wrap elementor-element-populated\">\n\t\t\t\t\t\t<div class=\"elementor-element elementor-element-08e53bf elementor-widget elementor-widget-pt_title\" data-id=\"08e53bf\" data-element_type=\"widget\" data-e-type=\"widget\" data-widget_type=\"pt_title.default\">\n\t\t\t\t<div class=\"elementor-widget-container\">\n\t\t\t\t\t\n        <div class=\"pt-title-wrap\">\t            <h4 class=\"pt-title\">\n\t                Neem contact met ons op\t            <\/h4>\t            <div class=\"pt-title-text\">\n\t                <p>Wil je meer weten over onze diensten? We zijn er voor je!<\/p>\t            <\/div>        <\/div>\t\t\t\t<\/div>\n\t\t\t\t<\/div>\n\t\t\t\t<div class=\"elementor-element elementor-element-1fe1ed8 elementor-widget elementor-widget-pt_form_cf7\" data-id=\"1fe1ed8\" data-element_type=\"widget\" data-e-type=\"widget\" data-widget_type=\"pt_form_cf7.default\">\n\t\t\t\t<div class=\"elementor-widget-container\">\n\t\t\t\t\t            <div class=\"pt-form-cf7 placeholder-normal\">\n                <div class=\"pt-form-cf7-wrap\">\n<div class=\"wpcf7 no-js\" id=\"wpcf7-f17-o1\" lang=\"pt-PT\" dir=\"ltr\" data-wpcf7-id=\"17\">\n<div class=\"screen-reader-response\"><p role=\"status\" aria-live=\"polite\" aria-atomic=\"true\"><\/p> <ul><\/ul><\/div>\n<form action=\"\/nl\/wp-json\/wp\/v2\/pages\/1237#wpcf7-f17-o1\" method=\"post\" class=\"wpcf7-form init\" aria-label=\"Contactformulier\" novalidate=\"novalidate\" data-status=\"init\" data-trp-original-action=\"\/nl\/wp-json\/wp\/v2\/pages\/1237#wpcf7-f17-o1\">\n<fieldset class=\"hidden-fields-container\"><input type=\"hidden\" name=\"_wpcf7\" value=\"17\" \/><input type=\"hidden\" name=\"_wpcf7_version\" value=\"6.1.5\" \/><input type=\"hidden\" name=\"_wpcf7_locale\" value=\"pt_PT\" \/><input type=\"hidden\" name=\"_wpcf7_unit_tag\" value=\"wpcf7-f17-o1\" \/><input type=\"hidden\" name=\"_wpcf7_container_post\" value=\"0\" \/><input type=\"hidden\" name=\"_wpcf7_posted_data_hash\" value=\"\" \/><input type=\"hidden\" name=\"_uacf7_hidden_conditional_fields\" value=\"\" \/><input type=\"hidden\" name=\"_wpcf7_recaptcha_response\" value=\"\" \/>\n<\/fieldset>\n<div class=\"uacf7-form-wrapper-container uacf7-form-17\"><label> Naam\n    <span class=\"wpcf7-form-control-wrap\" data-name=\"your-name\"><input size=\"40\" maxlength=\"400\" class=\"wpcf7-form-control wpcf7-text wpcf7-validates-as-required\" autocomplete=\"name\" aria-required=\"true\" aria-invalid=\"false\" value=\"\" type=\"text\" name=\"your-name\" \/><\/span> <\/label>\n\n<label> E-mail\n    <span class=\"wpcf7-form-control-wrap\" data-name=\"your-email\"><input size=\"40\" maxlength=\"400\" class=\"wpcf7-form-control wpcf7-email wpcf7-validates-as-required wpcf7-text wpcf7-validates-as-email\" autocomplete=\"email\" aria-required=\"true\" aria-invalid=\"false\" value=\"\" type=\"email\" name=\"your-email\" \/><\/span> <\/label>\n\n<label>Telefoon\n<span class=\"wpcf7-form-control-wrap intl_tel-309\"><input class=\"wpcf7-form-control wpcf7-intl_tel wpcf7-intl-tel\" aria-invalid=\"false\" data-initialcountry=\"pt\" value=\"\" type=\"tel\" name=\"intl_tel-309-cf7it-national\" \/><input name=\"intl_tel-309\" type=\"hidden\" class=\"wpcf7-intl-tel-full\" \/><input type=\"hidden\" name=\"intl_tel-309-cf7it-country-name\" class=\"wpcf7-intl-tel-country-name\" \/><input type=\"hidden\" name=\"intl_tel-309-cf7it-country-code\" class=\"wpcf7-intl-tel-country-code\" \/><input type=\"hidden\" name=\"intl_tel-309-cf7it-country-iso2\" class=\"wpcf7-intl-tel-country-iso2\" \/><\/span><\/label>\n\n<label> Onderwerp\n    <span class=\"wpcf7-form-control-wrap\" data-name=\"your-subject\"><input size=\"40\" maxlength=\"400\" class=\"wpcf7-form-control wpcf7-text wpcf7-validates-as-required\" aria-required=\"true\" aria-invalid=\"false\" value=\"\" type=\"text\" name=\"your-subject\" \/><\/span> <\/label>\n\n<label> Bericht\n    <span class=\"wpcf7-form-control-wrap\" data-name=\"your-message\"><textarea cols=\"40\" rows=\"10\" maxlength=\"2000\" class=\"wpcf7-form-control wpcf7-textarea\" aria-invalid=\"false\" name=\"your-message\"><\/textarea><\/span> <\/label>\n\n<!-- Mailchimp for WordPress v4.12.1 - https:\/\/www.mc4wp.com\/ --><input type=\"hidden\" name=\"_mc4wp_subscribe_contact-form-7\" value=\"0\" \/><span class=\"mc4wp-checkbox mc4wp-checkbox-contact-form-7\"><label><input type=\"checkbox\" name=\"_mc4wp_subscribe_contact-form-7\" value=\"1\" ><span> Ik geef toestemming voor het gebruik van mijn e-mailadres voor het ontvangen van informatie en aanbiedingen met betrekking tot Restaurant Rei das Praias, in overeenstemming met het Privacybeleid.<\/span><\/label><\/span><!-- \/ Mailchimp for WordPress -->\n\n<input class=\"wpcf7-form-control wpcf7-submit has-spinner\" type=\"submit\" value=\"Stuur\" \/><\/div><div class=\"wpcf7-response-output\" aria-hidden=\"true\"><\/div>\n<input type=\"hidden\" name=\"trp-form-language\" value=\"nl\"\/><\/form>\n<\/div>\n<\/div>\n            <\/div>\t\t\t\t<\/div>\n\t\t\t\t<\/div>\n\t\t\t\t\t<\/div>\n\t\t<\/div>\n\t\t\t\t<div class=\"elementor-column elementor-col-50 elementor-top-column elementor-element elementor-element-646e4c5\" data-id=\"646e4c5\" data-element_type=\"column\" data-e-type=\"column\" data-settings=\"{&quot;background_background&quot;:&quot;classic&quot;}\">\n\t\t\t<div class=\"elementor-widget-wrap elementor-element-populated\">\n\t\t\t\t\t\t<div class=\"elementor-element elementor-element-64328f2 elementor-widget elementor-widget-spacer\" data-id=\"64328f2\" data-element_type=\"widget\" data-e-type=\"widget\" data-widget_type=\"spacer.default\">\n\t\t\t\t<div class=\"elementor-widget-container\">\n\t\t\t\t\t\t\t<div class=\"elementor-spacer\">\n\t\t\t<div class=\"elementor-spacer-inner\"><\/div>\n\t\t<\/div>\n\t\t\t\t\t\t<\/div>\n\t\t\t\t<\/div>\n\t\t\t\t\t<\/div>\n\t\t<\/div>\n\t\t\t\t\t<\/div>\n\t\t<\/section>\n\t\t<div class=\"elementor-element elementor-element-990fd0b e-flex e-con-boxed e-con e-parent\" data-id=\"990fd0b\" data-element_type=\"container\" data-e-type=\"container\">\n\t\t\t\t\t<div class=\"e-con-inner\">\n\t\t<div class=\"elementor-element elementor-element-4432c3f e-con-full e-flex e-con e-child\" data-id=\"4432c3f\" data-element_type=\"container\" data-e-type=\"container\">\n\t\t\t\t<div class=\"elementor-element elementor-element-a0aaa80 elementor-view-default elementor-position-block-start elementor-mobile-position-block-start elementor-widget elementor-widget-icon-box\" data-id=\"a0aaa80\" data-element_type=\"widget\" data-e-type=\"widget\" data-widget_type=\"icon-box.default\">\n\t\t\t\t<div class=\"elementor-widget-container\">\n\t\t\t\t\t\t\t<div class=\"elementor-icon-box-wrapper\">\n\n\t\t\t\t\t\t<div class=\"elementor-icon-box-icon\">\n\t\t\t\t<span  class=\"elementor-icon\">\n\t\t\t\t<svg aria-hidden=\"true\" class=\"e-font-icon-svg e-fas-map-pin\" viewbox=\"0 0 288 512\" xmlns=\"http:\/\/www.w3.org\/2000\/svg\"><path d=\"M112 316.94v156.69l22.02 33.02c4.75 7.12 15.22 7.12 19.97 0L176 473.63V316.94c-10.39 1.92-21.06 3.06-32 3.06s-21.61-1.14-32-3.06zM144 0C64.47 0 0 64.47 0 144s64.47 144 144 144 144-64.47 144-144S223.53 0 144 0zm0 76c-37.5 0-68 30.5-68 68 0 6.62-5.38 12-12 12s-12-5.38-12-12c0-50.73 41.28-92 92-92 6.62 0 12 5.38 12 12s-5.38 12-12 12z\"><\/path><\/svg>\t\t\t\t<\/span>\n\t\t\t<\/div>\n\t\t\t\n\t\t\t\t\t\t<div class=\"elementor-icon-box-content\">\n\n\t\t\t\t\t\t\t\t\t<h3 class=\"elementor-icon-box-title\">\n\t\t\t\t\t\t<span  >\n\t\t\t\t\t\t\tAdres\t\t\t\t\t\t<\/span>\n\t\t\t\t\t<\/h3>\n\t\t\t\t\n\t\t\t\t\n\t\t\t<\/div>\n\t\t\t\n\t\t<\/div>\n\t\t\t\t\t\t<\/div>\n\t\t\t\t<\/div>\n\t\t\t\t<div class=\"elementor-element elementor-element-9a1ff00 elementor-widget elementor-widget-text-editor\" data-id=\"9a1ff00\" data-element_type=\"widget\" data-e-type=\"widget\" id=\"linkblue\" data-widget_type=\"text-editor.default\">\n\t\t\t\t<div class=\"elementor-widget-container\">\n\t\t\t\t\t\t\t\t\t<p><a href=\"https:\/\/www.google.com\/maps\/place\/\/data=!4m2!3m1!1s0xd1b29acc0bfead1:0x7ad9711d7fafd54?sa=X&amp;ved=1t:8290&amp;ictx=111\" target=\"_blank\" rel=\"noopener\">Praia dos Caneiros, Ferragudo<br \/>8400-272 Ferragudo<br \/>Algarve - Portugal<\/a><\/p>\t\t\t\t\t\t\t\t<\/div>\n\t\t\t\t<\/div>\n\t\t\t\t<\/div>\n\t\t<div class=\"elementor-element elementor-element-add7cdc e-con-full e-flex e-con e-child\" data-id=\"add7cdc\" data-element_type=\"container\" data-e-type=\"container\">\n\t\t\t\t<div class=\"elementor-element elementor-element-ca2ca40 elementor-view-default elementor-position-block-start elementor-mobile-position-block-start elementor-widget elementor-widget-icon-box\" data-id=\"ca2ca40\" data-element_type=\"widget\" data-e-type=\"widget\" data-widget_type=\"icon-box.default\">\n\t\t\t\t<div class=\"elementor-widget-container\">\n\t\t\t\t\t\t\t<div class=\"elementor-icon-box-wrapper\">\n\n\t\t\t\t\t\t<div class=\"elementor-icon-box-icon\">\n\t\t\t\t<span  class=\"elementor-icon\">\n\t\t\t\t<svg aria-hidden=\"true\" class=\"e-font-icon-svg e-fas-phone-alt\" viewbox=\"0 0 512 512\" xmlns=\"http:\/\/www.w3.org\/2000\/svg\"><path d=\"M497.39 361.8l-112-48a24 24 0 0 0-28 6.9l-49.6 60.6A370.66 370.66 0 0 1 130.6 204.11l60.6-49.6a23.94 23.94 0 0 0 6.9-28l-48-112A24.16 24.16 0 0 0 122.6.61l-104 24A24 24 0 0 0 0 48c0 256.5 207.9 464 464 464a24 24 0 0 0 23.4-18.6l24-104a24.29 24.29 0 0 0-14.01-27.6z\"><\/path><\/svg>\t\t\t\t<\/span>\n\t\t\t<\/div>\n\t\t\t\n\t\t\t\t\t\t<div class=\"elementor-icon-box-content\">\n\n\t\t\t\t\t\t\t\t\t<h3 class=\"elementor-icon-box-title\">\n\t\t\t\t\t\t<span  >\n\t\t\t\t\t\t\tTelefoon\t\t\t\t\t\t<\/span>\n\t\t\t\t\t<\/h3>\n\t\t\t\t\n\t\t\t\t\n\t\t\t<\/div>\n\t\t\t\n\t\t<\/div>\n\t\t\t\t\t\t<\/div>\n\t\t\t\t<\/div>\n\t\t\t\t<div class=\"elementor-element elementor-element-b39567a elementor-widget elementor-widget-text-editor\" data-id=\"b39567a\" data-element_type=\"widget\" data-e-type=\"widget\" id=\"linkblue\" data-widget_type=\"text-editor.default\">\n\t\t\t\t<div class=\"elementor-widget-container\">\n\t\t\t\t\t\t\t\t\t<a href=\"tel:+351282461006\">(+351) 282 461 006<\/a>*\t\t\t\t\t\t\t\t<\/div>\n\t\t\t\t<\/div>\n\t\t\t\t<div class=\"elementor-element elementor-element-ec78622 elementor-widget elementor-widget-text-editor\" data-id=\"ec78622\" data-element_type=\"widget\" data-e-type=\"widget\" data-widget_type=\"text-editor.default\">\n\t\t\t\t<div class=\"elementor-widget-container\">\n\t\t\t\t\t\t\t\t\t<p>*Bellen naar nationaal vast netwerk<\/p>\t\t\t\t\t\t\t\t<\/div>\n\t\t\t\t<\/div>\n\t\t\t\t<div class=\"elementor-element elementor-element-116dc21 elementor-widget elementor-widget-text-editor\" data-id=\"116dc21\" data-element_type=\"widget\" data-e-type=\"widget\" id=\"linkblue\" data-widget_type=\"text-editor.default\">\n\t\t\t\t<div class=\"elementor-widget-container\">\n\t\t\t\t\t\t\t\t\t<a href=\"tel:+351913644660\">(+351) 913 644 660<\/a>**\t\t\t\t\t\t\t\t<\/div>\n\t\t\t\t<\/div>\n\t\t\t\t<div class=\"elementor-element elementor-element-4a5d6da elementor-widget elementor-widget-text-editor\" data-id=\"4a5d6da\" data-element_type=\"widget\" data-e-type=\"widget\" data-widget_type=\"text-editor.default\">\n\t\t\t\t<div class=\"elementor-widget-container\">\n\t\t\t\t\t\t\t\t\t<p>**Nationaal mobiel netwerk bellen<\/p>\t\t\t\t\t\t\t\t<\/div>\n\t\t\t\t<\/div>\n\t\t\t\t<\/div>\n\t\t<div class=\"elementor-element elementor-element-dcc9e9b e-con-full e-flex e-con e-child\" data-id=\"dcc9e9b\" data-element_type=\"container\" data-e-type=\"container\">\n\t\t<div class=\"elementor-element elementor-element-433cd16 e-con-full e-flex e-con e-child\" data-id=\"433cd16\" data-element_type=\"container\" data-e-type=\"container\">\n\t\t\t\t<div class=\"elementor-element elementor-element-12019b3 elementor-view-default elementor-position-block-start elementor-mobile-position-block-start elementor-widget elementor-widget-icon-box\" data-id=\"12019b3\" data-element_type=\"widget\" data-e-type=\"widget\" data-widget_type=\"icon-box.default\">\n\t\t\t\t<div class=\"elementor-widget-container\">\n\t\t\t\t\t\t\t<div class=\"elementor-icon-box-wrapper\">\n\n\t\t\t\t\t\t<div class=\"elementor-icon-box-icon\">\n\t\t\t\t<span  class=\"elementor-icon\">\n\t\t\t\t<svg aria-hidden=\"true\" class=\"e-font-icon-svg e-fas-envelope\" viewbox=\"0 0 512 512\" xmlns=\"http:\/\/www.w3.org\/2000\/svg\"><path d=\"M502.3 190.8c3.9-3.1 9.7-.2 9.7 4.7V400c0 26.5-21.5 48-48 48H48c-26.5 0-48-21.5-48-48V195.6c0-5 5.7-7.8 9.7-4.7 22.4 17.4 52.1 39.5 154.1 113.6 21.1 15.4 56.7 47.8 92.2 47.6 35.7.3 72-32.8 92.3-47.6 102-74.1 131.6-96.3 154-113.7zM256 320c23.2.4 56.6-29.2 73.4-41.4 132.7-96.3 142.8-104.7 173.4-128.7 5.8-4.5 9.2-11.5 9.2-18.9v-19c0-26.5-21.5-48-48-48H48C21.5 64 0 85.5 0 112v19c0 7.4 3.4 14.3 9.2 18.9 30.6 23.9 40.7 32.4 173.4 128.7 16.8 12.2 50.2 41.8 73.4 41.4z\"><\/path><\/svg>\t\t\t\t<\/span>\n\t\t\t<\/div>\n\t\t\t\n\t\t\t\t\t\t<div class=\"elementor-icon-box-content\">\n\n\t\t\t\t\t\t\t\t\t<h3 class=\"elementor-icon-box-title\">\n\t\t\t\t\t\t<span  >\n\t\t\t\t\t\t\tE-mail\t\t\t\t\t\t<\/span>\n\t\t\t\t\t<\/h3>\n\t\t\t\t\n\t\t\t\t\n\t\t\t<\/div>\n\t\t\t\n\t\t<\/div>\n\t\t\t\t\t\t<\/div>\n\t\t\t\t<\/div>\n\t\t\t\t<div class=\"elementor-element elementor-element-1663ab3 elementor-widget elementor-widget-text-editor\" data-id=\"1663ab3\" data-element_type=\"widget\" data-e-type=\"widget\" id=\"linkblue\" data-widget_type=\"text-editor.default\">\n\t\t\t\t<div class=\"elementor-widget-container\">\n\t\t\t\t\t\t\t\t\t<p><a href=\"mailto:info@restaurantereidaspraias.com\">info@restaurantereidaspraias.com<\/a><\/p>\t\t\t\t\t\t\t\t<\/div>\n\t\t\t\t<\/div>\n\t\t\t\t<\/div>\n\t\t\t\t<\/div>\n\t\t\t\t\t<\/div>\n\t\t\t\t<\/div>\n\t\t\t\t<section class=\"elementor-section elementor-top-section elementor-element elementor-element-3263f7e elementor-section-boxed elementor-section-height-default elementor-section-height-default\" data-id=\"3263f7e\" data-element_type=\"section\" data-e-type=\"section\">\n\t\t\t\t\t\t<div class=\"elementor-container elementor-column-gap-no\">\n\t\t\t\t\t<div class=\"elementor-column elementor-col-100 elementor-top-column elementor-element elementor-element-9c50669\" data-id=\"9c50669\" data-element_type=\"column\" data-e-type=\"column\">\n\t\t\t<div class=\"elementor-widget-wrap elementor-element-populated\">\n\t\t\t\t\t\t<div class=\"elementor-element elementor-element-40b8a36 elementor-widget elementor-widget-pt_title\" data-id=\"40b8a36\" data-element_type=\"widget\" data-e-type=\"widget\" data-widget_type=\"pt_title.default\">\n\t\t\t\t<div class=\"elementor-widget-container\">\n\t\t\t\t\t\n        <div class=\"pt-title-wrap text-center\">\t            <div class=\"pt-subtitle-wrap\"><span class=\"pt-subtitle color-secondary\">Rei das Praias restaurant<\/span><\/div>\t            <h4 class=\"pt-title\">\n\t                waar we zijn\t            <\/h4>        <\/div>\t\t\t\t<\/div>\n\t\t\t\t<\/div>\n\t\t\t\t<div class=\"elementor-element elementor-element-436813d elementor-widget elementor-widget-google_maps\" data-id=\"436813d\" data-element_type=\"widget\" data-e-type=\"widget\" data-widget_type=\"google_maps.default\">\n\t\t\t\t<div class=\"elementor-widget-container\">\n\t\t\t\t\t\t\t<div class=\"elementor-custom-embed\">\n\t\t\t<iframe loading=\"lazy\"\n\t\t\t\t\tsrc=\"https:\/\/maps.google.com\/maps?q=Praia%20dos%20Caneiros%2C%20Ferragudo%208400-272%20Ferragudo%20Algarve%20-%20Portugal&#038;t=m&#038;z=16&#038;output=embed&#038;iwloc=near\"\n\t\t\t\t\ttitle=\"Praia dos Caneiros, Ferragudo 8400-272 Ferragudo Algarve - Portugal\"\n\t\t\t\t\taria-label=\"Praia dos Caneiros, Ferragudo 8400-272 Ferragudo Algarve - Portugal\"\n\t\t\t><\/iframe>\n\t\t<\/div>\n\t\t\t\t\t\t<\/div>\n\t\t\t\t<\/div>\n\t\t\t\t\t<\/div>\n\t\t<\/div>\n\t\t\t\t\t<\/div>\n\t\t<\/section>\n\t\t\t\t<\/div>","protected":false},"excerpt":{"rendered":"<p>Contact opnemen Wil je meer weten over onze diensten? Wij staan tot uw beschikking! Naam Email Telefoon Onderwerp Bericht Ik geef toestemming om mijn email te gebruiken voor het ontvangen van informatie en aanbiedingen met betrekking tot Restaurante Rei das Praias, in overeenstemming met het Privacybeleid. Adres Praia dos Caneiros, Ferragudo8400-272 FerragudoAlgarve - Portugal Telefoon (+351) 282 461 006* *Bel naar ...<\/p>","protected":false},"author":1,"featured_media":0,"parent":0,"menu_order":0,"comment_status":"closed","ping_status":"closed","template":"template-wide-content.php","meta":{"_themeisle_gutenberg_block_has_review":false,"patiotime_single_page_hide_site_header":"","patiotime_single_page_site_header_source":"","patiotime_single_page_custom_site_header":"0","patiotime_single_page_custom_sticky_site_header":"0","patiotime_single_page_custom_page_title_margin_top_source":"","patiotime_single_page_custom_page_title_desktop_margin_top":"","patiotime_single_page_custom_page_title_tablet_margin_top":"","patiotime_single_page_custom_page_title_mobile_margin_top":"","patiotime_single_page_hide_page_title":"on","patiotime_single_page_header_section_size":"","patiotime_single_page_header_background_color":"","patiotime_single_page_header_background_position_x":"center","patiotime_single_page_header_background_position_y":"center","patiotime_single_page_header_background_size":"cover","patiotime_single_page_header_background_repeat":"off","patiotime_single_page_header_background_scroll":"on","patiotime_single_page_header_text_color":"","patiotime_single_page_header_show_breadcrumb":"","patiotime_single_page_site_footer_hide_main":"","patiotime_single_custom_site_footer_main_source":"","patiotime_single_custom_site_footer_main":"0","patiotime_single_page_site_footer_hide_above":"","patiotime_single_custom_site_footer_above_source":"","patiotime_single_custom_site_footer_above":"0","patiotime_single_page_site_footer_hide_instagram":"","patiotime_single_page_site_footer_hide_bottom":"","patiotime_single_custom_mobile_menu_source":"","patiotime_single_custom_mobile_menu":"0","patiotime_single_custom_mobile_menu_animation":"","patiotime_single_custom_mobile_menu_width":"","patiotime_single_custom_mobile_menu_custom_width":375,"footnotes":""},"class_list":["post-1237","page","type-page","status-publish","hentry"],"yoast_head":"<!-- This site is optimized with the Yoast SEO plugin v27.3 - https:\/\/yoast.com\/product\/yoast-seo-wordpress\/ -->\n<title>Contactos - Restaurante Rei das Praias<\/title>\n<meta name=\"description\" content=\"Fale ConnoscoQuer saber mais sobre nossos servi\u00e7os? Estamos \u00e0 disposi\u00e7\u00e3o!\" \/>\n<meta name=\"robots\" content=\"index, follow, max-snippet:-1, max-image-preview:large, max-video-preview:-1\" \/>\n<link rel=\"canonical\" href=\"https:\/\/restaurantereidaspraias.com\/nl\/contacten\/\" \/>\n<meta property=\"og:locale\" content=\"nl_NL\" \/>\n<meta property=\"og:type\" content=\"article\" \/>\n<meta property=\"og:title\" content=\"Contactos - Restaurante Rei das Praias\" \/>\n<meta property=\"og:description\" content=\"Fale ConnoscoQuer saber mais sobre nossos servi\u00e7os? Estamos \u00e0 disposi\u00e7\u00e3o!\" \/>\n<meta property=\"og:url\" content=\"https:\/\/restaurantereidaspraias.com\/nl\/contacten\/\" \/>\n<meta property=\"og:site_name\" content=\"Restaurante Rei das Praias\" \/>\n<meta property=\"article:modified_time\" content=\"2024-12-13T18:23:29+00:00\" \/>\n<meta name=\"twitter:card\" content=\"summary_large_image\" \/>\n<meta name=\"twitter:label1\" content=\"Geschatte leestijd\" \/>\n\t<meta name=\"twitter:data1\" content=\"1 minuut\" \/>\n<script type=\"application\/ld+json\" class=\"yoast-schema-graph\">{\"@context\":\"https:\\\/\\\/schema.org\",\"@graph\":[{\"@type\":\"WebPage\",\"@id\":\"https:\\\/\\\/restaurantereidaspraias.com\\\/contactos\\\/\",\"url\":\"https:\\\/\\\/restaurantereidaspraias.com\\\/contactos\\\/\",\"name\":\"Contactos - Restaurante Rei das Praias\",\"isPartOf\":{\"@id\":\"https:\\\/\\\/restaurantereidaspraias.com\\\/#website\"},\"datePublished\":\"2022-04-26T07:29:55+00:00\",\"dateModified\":\"2024-12-13T18:23:29+00:00\",\"description\":\"Fale ConnoscoQuer saber mais sobre nossos servi\u00e7os? Estamos \u00e0 disposi\u00e7\u00e3o!\",\"breadcrumb\":{\"@id\":\"https:\\\/\\\/restaurantereidaspraias.com\\\/contactos\\\/#breadcrumb\"},\"inLanguage\":\"nl-NL\",\"potentialAction\":[{\"@type\":\"ReadAction\",\"target\":[\"https:\\\/\\\/restaurantereidaspraias.com\\\/contactos\\\/\"]}]},{\"@type\":\"BreadcrumbList\",\"@id\":\"https:\\\/\\\/restaurantereidaspraias.com\\\/contactos\\\/#breadcrumb\",\"itemListElement\":[{\"@type\":\"ListItem\",\"position\":1,\"name\":\"In\u00edcio\",\"item\":\"https:\\\/\\\/restaurantereidaspraias.com\\\/\"},{\"@type\":\"ListItem\",\"position\":2,\"name\":\"Contactos\"}]},{\"@type\":\"WebSite\",\"@id\":\"https:\\\/\\\/restaurantereidaspraias.com\\\/#website\",\"url\":\"https:\\\/\\\/restaurantereidaspraias.com\\\/\",\"name\":\"Restaurante Rei das Praias\",\"description\":\"\",\"publisher\":{\"@id\":\"https:\\\/\\\/restaurantereidaspraias.com\\\/#organization\"},\"potentialAction\":[{\"@type\":\"SearchAction\",\"target\":{\"@type\":\"EntryPoint\",\"urlTemplate\":\"https:\\\/\\\/restaurantereidaspraias.com\\\/?s={search_term_string}\"},\"query-input\":{\"@type\":\"PropertyValueSpecification\",\"valueRequired\":true,\"valueName\":\"search_term_string\"}}],\"inLanguage\":\"nl-NL\"},{\"@type\":\"Organization\",\"@id\":\"https:\\\/\\\/restaurantereidaspraias.com\\\/#organization\",\"name\":\"Restaurante Rei das Praias\",\"url\":\"https:\\\/\\\/restaurantereidaspraias.com\\\/\",\"logo\":{\"@type\":\"ImageObject\",\"inLanguage\":\"nl-NL\",\"@id\":\"https:\\\/\\\/restaurantereidaspraias.com\\\/#\\\/schema\\\/logo\\\/image\\\/\",\"url\":\"https:\\\/\\\/restaurantereidaspraias.com\\\/wp-content\\\/uploads\\\/2024\\\/11\\\/cropped-FAV_ICON.png\",\"contentUrl\":\"https:\\\/\\\/restaurantereidaspraias.com\\\/wp-content\\\/uploads\\\/2024\\\/11\\\/cropped-FAV_ICON.png\",\"width\":500,\"height\":500,\"caption\":\"Restaurante Rei das Praias\"},\"image\":{\"@id\":\"https:\\\/\\\/restaurantereidaspraias.com\\\/#\\\/schema\\\/logo\\\/image\\\/\"}}]}<\/script>\n<!-- \/ Yoast SEO plugin. -->","yoast_head_json":{"title":"Contacten - Restaurant Rei das Praias","description":"Neem contact met ons opWil je meer weten over onze diensten? Wij zijn er voor u!","robots":{"index":"index","follow":"follow","max-snippet":"max-snippet:-1","max-image-preview":"max-image-preview:large","max-video-preview":"max-video-preview:-1"},"canonical":"https:\/\/restaurantereidaspraias.com\/nl\/contacten\/","og_locale":"nl_NL","og_type":"article","og_title":"Contactos - Restaurante Rei das Praias","og_description":"Fale ConnoscoQuer saber mais sobre nossos servi\u00e7os? Estamos \u00e0 disposi\u00e7\u00e3o!","og_url":"https:\/\/restaurantereidaspraias.com\/nl\/contacten\/","og_site_name":"Restaurante Rei das Praias","article_modified_time":"2024-12-13T18:23:29+00:00","twitter_card":"summary_large_image","twitter_misc":{"Geschatte leestijd":"1 minuut"},"schema":{"@context":"https:\/\/schema.org","@graph":[{"@type":"WebPage","@id":"https:\/\/restaurantereidaspraias.com\/contactos\/","url":"https:\/\/restaurantereidaspraias.com\/contactos\/","name":"Contacten - Restaurant Rei das Praias","isPartOf":{"@id":"https:\/\/restaurantereidaspraias.com\/#website"},"datePublished":"2022-04-26T07:29:55+00:00","dateModified":"2024-12-13T18:23:29+00:00","description":"Neem contact met ons opWil je meer weten over onze diensten? Wij zijn er voor u!","breadcrumb":{"@id":"https:\/\/restaurantereidaspraias.com\/contactos\/#breadcrumb"},"inLanguage":"nl-NL","potentialAction":[{"@type":"ReadAction","target":["https:\/\/restaurantereidaspraias.com\/contactos\/"]}]},{"@type":"BreadcrumbList","@id":"https:\/\/restaurantereidaspraias.com\/contactos\/#breadcrumb","itemListElement":[{"@type":"ListItem","position":1,"name":"In\u00edcio","item":"https:\/\/restaurantereidaspraias.com\/"},{"@type":"ListItem","position":2,"name":"Contactos"}]},{"@type":"WebSite","@id":"https:\/\/restaurantereidaspraias.com\/#website","url":"https:\/\/restaurantereidaspraias.com\/","name":"Rei das Praias Restaurant","description":"","publisher":{"@id":"https:\/\/restaurantereidaspraias.com\/#organization"},"potentialAction":[{"@type":"SearchAction","target":{"@type":"EntryPoint","urlTemplate":"https:\/\/restaurantereidaspraias.com\/?s={search_term_string}"},"query-input":{"@type":"PropertyValueSpecification","valueRequired":true,"valueName":"search_term_string"}}],"inLanguage":"nl-NL"},{"@type":"Organization","@id":"https:\/\/restaurantereidaspraias.com\/#organization","name":"Rei das Praias Restaurant","url":"https:\/\/restaurantereidaspraias.com\/","logo":{"@type":"ImageObject","inLanguage":"nl-NL","@id":"https:\/\/restaurantereidaspraias.com\/#\/schema\/logo\/image\/","url":"https:\/\/restaurantereidaspraias.com\/wp-content\/uploads\/2024\/11\/cropped-FAV_ICON.png","contentUrl":"https:\/\/restaurantereidaspraias.com\/wp-content\/uploads\/2024\/11\/cropped-FAV_ICON.png","width":500,"height":500,"caption":"Restaurante Rei das Praias"},"image":{"@id":"https:\/\/restaurantereidaspraias.com\/#\/schema\/logo\/image\/"}}]}},"_links":{"self":[{"href":"https:\/\/restaurantereidaspraias.com\/nl\/wp-json\/wp\/v2\/pages\/1237","targetHints":{"allow":["GET"]}}],"collection":[{"href":"https:\/\/restaurantereidaspraias.com\/nl\/wp-json\/wp\/v2\/pages"}],"about":[{"href":"https:\/\/restaurantereidaspraias.com\/nl\/wp-json\/wp\/v2\/types\/page"}],"author":[{"embeddable":true,"href":"https:\/\/restaurantereidaspraias.com\/nl\/wp-json\/wp\/v2\/users\/1"}],"replies":[{"embeddable":true,"href":"https:\/\/restaurantereidaspraias.com\/nl\/wp-json\/wp\/v2\/comments?post=1237"}],"version-history":[{"count":38,"href":"https:\/\/restaurantereidaspraias.com\/nl\/wp-json\/wp\/v2\/pages\/1237\/revisions"}],"predecessor-version":[{"id":2757,"href":"https:\/\/restaurantereidaspraias.com\/nl\/wp-json\/wp\/v2\/pages\/1237\/revisions\/2757"}],"wp:attachment":[{"href":"https:\/\/restaurantereidaspraias.com\/nl\/wp-json\/wp\/v2\/media?parent=1237"}],"curies":[{"name":"wp","href":"https:\/\/api.w.org\/{rel}","templated":true}]}}