{"id":2631,"date":"2024-12-13T10:45:32","date_gmt":"2024-12-13T10:45:32","guid":{"rendered":"https:\/\/demo.restaurantereidaspraias.com\/?page_id=2631"},"modified":"2025-08-18T11:40:02","modified_gmt":"2025-08-18T11:40:02","slug":"merci_reservation","status":"publish","type":"page","link":"https:\/\/restaurantereidaspraias.com\/fr\/agradecimento_reserva\/","title":{"rendered":"Merci_R\u00e9servation"},"content":{"rendered":"<div data-elementor-type=\"wp-page\" data-elementor-id=\"2631\" class=\"elementor elementor-2631\">\n\t\t\t\t\t\t<section class=\"elementor-section elementor-top-section elementor-element elementor-element-1301c8b1 elementor-section-full_width elementor-section-height-min-height elementor-section-items-stretch elementor-section-height-default\" data-id=\"1301c8b1\" data-element_type=\"section\" data-e-type=\"section\" data-settings=\"{&quot;background_background&quot;:&quot;classic&quot;}\">\n\t\t\t\t\t\t<div class=\"elementor-container elementor-column-gap-no\">\n\t\t\t\t\t<div class=\"elementor-column elementor-col-50 elementor-top-column elementor-element elementor-element-38ac0f61\" data-id=\"38ac0f61\" data-element_type=\"column\" data-e-type=\"column\">\n\t\t\t<div class=\"elementor-widget-wrap elementor-element-populated\">\n\t\t\t\t\t\t<div class=\"elementor-element elementor-element-62c81ad5 elementor-widget elementor-widget-pt_title\" data-id=\"62c81ad5\" data-element_type=\"widget\" data-e-type=\"widget\" data-widget_type=\"pt_title.default\">\n\t\t\t\t<div class=\"elementor-widget-container\">\n\t\t\t\t\t\n        <div class=\"pt-title-wrap\">\t            <div class=\"pt-subtitle-wrap\"><span class=\"pt-subtitle color-secondary\">r\u00e9servation<\/span><\/div>\t            <h4 class=\"pt-title\">\n\t                Merci pour votre r\u00e9servation\t            <\/h4>\t            <div class=\"pt-title-text\">\n\t                <p>Votre demande de r\u00e9servation a bien \u00e9t\u00e9 re\u00e7ue. Notre \u00e9quipe analysera votre demande et confirmera votre r\u00e9servation dans les plus brefs d\u00e9lais.<\/p><p>Pour les groupes de plus de 12 personnes, un acompte de 50 \u20ac par personne est demand\u00e9. Veuillez effectuer un virement \u00e0 l'IBAN suivant :<\/p><p><strong>PT50001800032968328102031 <\/strong><\/p><p><strong>et envoyer la preuve du paiement \u00e0 info@restaurantereidaspraias.com.<\/strong> Votre r\u00e9servation sera confirm\u00e9e une fois que nous vous aurons contact\u00e9 et que nous aurons re\u00e7u votre paiement.<\/p>\t            <\/div>                <div class=\"pt-title-btn\">\n                    <a class=\"button elementor-button-link\" role=\"button\" href=\"\/fr\/domicile\/\">\n                        <span class=\"pt-btn-text\">Accueil<\/span>\n                    <\/a>\n                <\/div>\n                    <\/div>\t\t\t\t<\/div>\n\t\t\t\t<\/div>\n\t\t\t\t\t<\/div>\n\t\t<\/div>\n\t\t\t\t<div class=\"elementor-column elementor-col-50 elementor-top-column elementor-element elementor-element-7adb8d5d\" data-id=\"7adb8d5d\" data-element_type=\"column\" data-e-type=\"column\" data-settings=\"{&quot;background_background&quot;:&quot;classic&quot;}\">\n\t\t\t<div class=\"elementor-widget-wrap elementor-element-populated\">\n\t\t\t\t\t\t<div class=\"elementor-element elementor-element-48645ec7 elementor-widget elementor-widget-spacer\" data-id=\"48645ec7\" data-element_type=\"widget\" data-e-type=\"widget\" data-widget_type=\"spacer.default\">\n\t\t\t\t<div class=\"elementor-widget-container\">\n\t\t\t\t\t\t\t<div class=\"elementor-spacer\">\n\t\t\t<div class=\"elementor-spacer-inner\"><\/div>\n\t\t<\/div>\n\t\t\t\t\t\t<\/div>\n\t\t\t\t<\/div>\n\t\t\t\t\t<\/div>\n\t\t<\/div>\n\t\t\t\t\t<\/div>\n\t\t<\/section>\n\t\t\t\t<\/div>","protected":false},"excerpt":{"rendered":"<p>r\u00e9servation Merci pour votre r\u00e9servation Votre demande de r\u00e9servation a bien \u00e9t\u00e9 re\u00e7ue. Notre \u00e9quipe analysera votre demande et confirmera votre r\u00e9servation dans les plus brefs d\u00e9lais. Pour les groupes de plus de 12 personnes, un acompte de 50 \u20ac par personne est demand\u00e9. Veuillez effectuer le virement \u00e0 l'IBAN suivant : PT50001800032968328102031 et envoyer le ...<\/p>","protected":false},"author":1,"featured_media":0,"parent":0,"menu_order":0,"comment_status":"closed","ping_status":"closed","template":"template-wide-content.php","meta":{"_themeisle_gutenberg_block_has_review":false,"patiotime_single_page_hide_site_header":"","patiotime_single_page_site_header_source":"","patiotime_single_page_custom_site_header":"0","patiotime_single_page_custom_sticky_site_header":"0","patiotime_single_page_custom_page_title_margin_top_source":"","patiotime_single_page_custom_page_title_desktop_margin_top":"","patiotime_single_page_custom_page_title_tablet_margin_top":"","patiotime_single_page_custom_page_title_mobile_margin_top":"","patiotime_single_page_hide_page_title":"","patiotime_single_page_header_section_size":"","patiotime_single_page_header_background_color":"","patiotime_single_page_header_background_position_x":"center","patiotime_single_page_header_background_position_y":"center","patiotime_single_page_header_background_size":"cover","patiotime_single_page_header_background_repeat":"off","patiotime_single_page_header_background_scroll":"on","patiotime_single_page_header_text_color":"","patiotime_single_page_header_show_breadcrumb":"","patiotime_single_page_site_footer_hide_main":"","patiotime_single_custom_site_footer_main_source":"","patiotime_single_custom_site_footer_main":"0","patiotime_single_page_site_footer_hide_above":"","patiotime_single_custom_site_footer_above_source":"","patiotime_single_custom_site_footer_above":"0","patiotime_single_page_site_footer_hide_instagram":"","patiotime_single_page_site_footer_hide_bottom":"","patiotime_single_custom_mobile_menu_source":"","patiotime_single_custom_mobile_menu":"0","patiotime_single_custom_mobile_menu_animation":"","patiotime_single_custom_mobile_menu_width":"","patiotime_single_custom_mobile_menu_custom_width":375,"footnotes":""},"class_list":["post-2631","page","type-page","status-publish","hentry"],"yoast_head":"<!-- This site is optimized with the Yoast SEO plugin v27.3 - https:\/\/yoast.com\/product\/yoast-seo-wordpress\/ -->\n<title>Agradecimento_Reserva - Restaurante Rei das Praias<\/title>\n<meta name=\"robots\" content=\"index, follow, max-snippet:-1, max-image-preview:large, max-video-preview:-1\" \/>\n<link rel=\"canonical\" href=\"https:\/\/restaurantereidaspraias.com\/fr\/merci_reservation\/\" \/>\n<meta property=\"og:locale\" content=\"fr_FR\" \/>\n<meta property=\"og:type\" content=\"article\" \/>\n<meta property=\"og:title\" content=\"Agradecimento_Reserva - Restaurante Rei das Praias\" \/>\n<meta property=\"og:description\" content=\"reserva Obrigado pela sua reserva O seu pedido de reserva foi recebido. A nossa equipa ir\u00e1 analisar o seu pedido e confirmar a sua reserva em breve. Para grupos superiores a 12 pessoas, \u00e9 necess\u00e1rio um sinal de 50 \u20ac por pessoa. Solicitamos que fa\u00e7a a transfer\u00eancia para o seguinte IBAN: PT50001800032968328102031 e envie o ...\" \/>\n<meta property=\"og:url\" content=\"https:\/\/restaurantereidaspraias.com\/fr\/merci_reservation\/\" \/>\n<meta property=\"og:site_name\" content=\"Restaurante Rei das Praias\" \/>\n<meta property=\"article:modified_time\" content=\"2025-08-18T11:40:02+00:00\" \/>\n<meta name=\"twitter:card\" content=\"summary_large_image\" \/>\n<meta name=\"twitter:label1\" content=\"Dur\u00e9e de lecture estim\u00e9e\" \/>\n\t<meta name=\"twitter:data1\" content=\"1 minute\" \/>\n<script type=\"application\/ld+json\" class=\"yoast-schema-graph\">{\"@context\":\"https:\\\/\\\/schema.org\",\"@graph\":[{\"@type\":\"WebPage\",\"@id\":\"https:\\\/\\\/restaurantereidaspraias.com\\\/agradecimento_reserva\\\/\",\"url\":\"https:\\\/\\\/restaurantereidaspraias.com\\\/agradecimento_reserva\\\/\",\"name\":\"Agradecimento_Reserva - Restaurante Rei das Praias\",\"isPartOf\":{\"@id\":\"https:\\\/\\\/restaurantereidaspraias.com\\\/#website\"},\"datePublished\":\"2024-12-13T10:45:32+00:00\",\"dateModified\":\"2025-08-18T11:40:02+00:00\",\"breadcrumb\":{\"@id\":\"https:\\\/\\\/restaurantereidaspraias.com\\\/agradecimento_reserva\\\/#breadcrumb\"},\"inLanguage\":\"fr-FR\",\"potentialAction\":[{\"@type\":\"ReadAction\",\"target\":[\"https:\\\/\\\/restaurantereidaspraias.com\\\/agradecimento_reserva\\\/\"]}]},{\"@type\":\"BreadcrumbList\",\"@id\":\"https:\\\/\\\/restaurantereidaspraias.com\\\/agradecimento_reserva\\\/#breadcrumb\",\"itemListElement\":[{\"@type\":\"ListItem\",\"position\":1,\"name\":\"In\u00edcio\",\"item\":\"https:\\\/\\\/restaurantereidaspraias.com\\\/\"},{\"@type\":\"ListItem\",\"position\":2,\"name\":\"Agradecimento_Reserva\"}]},{\"@type\":\"WebSite\",\"@id\":\"https:\\\/\\\/restaurantereidaspraias.com\\\/#website\",\"url\":\"https:\\\/\\\/restaurantereidaspraias.com\\\/\",\"name\":\"Restaurante Rei das Praias\",\"description\":\"\",\"publisher\":{\"@id\":\"https:\\\/\\\/restaurantereidaspraias.com\\\/#organization\"},\"potentialAction\":[{\"@type\":\"SearchAction\",\"target\":{\"@type\":\"EntryPoint\",\"urlTemplate\":\"https:\\\/\\\/restaurantereidaspraias.com\\\/?s={search_term_string}\"},\"query-input\":{\"@type\":\"PropertyValueSpecification\",\"valueRequired\":true,\"valueName\":\"search_term_string\"}}],\"inLanguage\":\"fr-FR\"},{\"@type\":\"Organization\",\"@id\":\"https:\\\/\\\/restaurantereidaspraias.com\\\/#organization\",\"name\":\"Restaurante Rei das Praias\",\"url\":\"https:\\\/\\\/restaurantereidaspraias.com\\\/\",\"logo\":{\"@type\":\"ImageObject\",\"inLanguage\":\"fr-FR\",\"@id\":\"https:\\\/\\\/restaurantereidaspraias.com\\\/#\\\/schema\\\/logo\\\/image\\\/\",\"url\":\"https:\\\/\\\/restaurantereidaspraias.com\\\/wp-content\\\/uploads\\\/2024\\\/11\\\/cropped-FAV_ICON.png\",\"contentUrl\":\"https:\\\/\\\/restaurantereidaspraias.com\\\/wp-content\\\/uploads\\\/2024\\\/11\\\/cropped-FAV_ICON.png\",\"width\":500,\"height\":500,\"caption\":\"Restaurante Rei das Praias\"},\"image\":{\"@id\":\"https:\\\/\\\/restaurantereidaspraias.com\\\/#\\\/schema\\\/logo\\\/image\\\/\"}}]}<\/script>\n<!-- \/ Yoast SEO plugin. -->","yoast_head_json":{"title":"Merci_R\u00e9servation - Rei das Praias Restaurant","robots":{"index":"index","follow":"follow","max-snippet":"max-snippet:-1","max-image-preview":"max-image-preview:large","max-video-preview":"max-video-preview:-1"},"canonical":"https:\/\/restaurantereidaspraias.com\/fr\/merci_reservation\/","og_locale":"fr_FR","og_type":"article","og_title":"Agradecimento_Reserva - Restaurante Rei das Praias","og_description":"reserva Obrigado pela sua reserva O seu pedido de reserva foi recebido. A nossa equipa ir\u00e1 analisar o seu pedido e confirmar a sua reserva em breve. Para grupos superiores a 12 pessoas, \u00e9 necess\u00e1rio um sinal de 50 \u20ac por pessoa. Solicitamos que fa\u00e7a a transfer\u00eancia para o seguinte IBAN: PT50001800032968328102031 e envie o ...","og_url":"https:\/\/restaurantereidaspraias.com\/fr\/merci_reservation\/","og_site_name":"Restaurante Rei das Praias","article_modified_time":"2025-08-18T11:40:02+00:00","twitter_card":"summary_large_image","twitter_misc":{"Dur\u00e9e de lecture estim\u00e9e":"1 minute"},"schema":{"@context":"https:\/\/schema.org","@graph":[{"@type":"WebPage","@id":"https:\/\/restaurantereidaspraias.com\/agradecimento_reserva\/","url":"https:\/\/restaurantereidaspraias.com\/agradecimento_reserva\/","name":"Merci_R\u00e9servation - Rei das Praias Restaurant","isPartOf":{"@id":"https:\/\/restaurantereidaspraias.com\/#website"},"datePublished":"2024-12-13T10:45:32+00:00","dateModified":"2025-08-18T11:40:02+00:00","breadcrumb":{"@id":"https:\/\/restaurantereidaspraias.com\/agradecimento_reserva\/#breadcrumb"},"inLanguage":"fr-FR","potentialAction":[{"@type":"ReadAction","target":["https:\/\/restaurantereidaspraias.com\/agradecimento_reserva\/"]}]},{"@type":"BreadcrumbList","@id":"https:\/\/restaurantereidaspraias.com\/agradecimento_reserva\/#breadcrumb","itemListElement":[{"@type":"ListItem","position":1,"name":"In\u00edcio","item":"https:\/\/restaurantereidaspraias.com\/"},{"@type":"ListItem","position":2,"name":"Agradecimento_Reserva"}]},{"@type":"WebSite","@id":"https:\/\/restaurantereidaspraias.com\/#website","url":"https:\/\/restaurantereidaspraias.com\/","name":"Restaurant King of the Beaches","description":"","publisher":{"@id":"https:\/\/restaurantereidaspraias.com\/#organization"},"potentialAction":[{"@type":"SearchAction","target":{"@type":"EntryPoint","urlTemplate":"https:\/\/restaurantereidaspraias.com\/?s={search_term_string}"},"query-input":{"@type":"PropertyValueSpecification","valueRequired":true,"valueName":"search_term_string"}}],"inLanguage":"fr-FR"},{"@type":"Organization","@id":"https:\/\/restaurantereidaspraias.com\/#organization","name":"Restaurant King of the Beaches","url":"https:\/\/restaurantereidaspraias.com\/","logo":{"@type":"ImageObject","inLanguage":"fr-FR","@id":"https:\/\/restaurantereidaspraias.com\/#\/schema\/logo\/image\/","url":"https:\/\/restaurantereidaspraias.com\/wp-content\/uploads\/2024\/11\/cropped-FAV_ICON.png","contentUrl":"https:\/\/restaurantereidaspraias.com\/wp-content\/uploads\/2024\/11\/cropped-FAV_ICON.png","width":500,"height":500,"caption":"Restaurante Rei das Praias"},"image":{"@id":"https:\/\/restaurantereidaspraias.com\/#\/schema\/logo\/image\/"}}]}},"_links":{"self":[{"href":"https:\/\/restaurantereidaspraias.com\/fr\/wp-json\/wp\/v2\/pages\/2631","targetHints":{"allow":["GET"]}}],"collection":[{"href":"https:\/\/restaurantereidaspraias.com\/fr\/wp-json\/wp\/v2\/pages"}],"about":[{"href":"https:\/\/restaurantereidaspraias.com\/fr\/wp-json\/wp\/v2\/types\/page"}],"author":[{"embeddable":true,"href":"https:\/\/restaurantereidaspraias.com\/fr\/wp-json\/wp\/v2\/users\/1"}],"replies":[{"embeddable":true,"href":"https:\/\/restaurantereidaspraias.com\/fr\/wp-json\/wp\/v2\/comments?post=2631"}],"version-history":[{"count":13,"href":"https:\/\/restaurantereidaspraias.com\/fr\/wp-json\/wp\/v2\/pages\/2631\/revisions"}],"predecessor-version":[{"id":3127,"href":"https:\/\/restaurantereidaspraias.com\/fr\/wp-json\/wp\/v2\/pages\/2631\/revisions\/3127"}],"wp:attachment":[{"href":"https:\/\/restaurantereidaspraias.com\/fr\/wp-json\/wp\/v2\/media?parent=2631"}],"curies":[{"name":"wp","href":"https:\/\/api.w.org\/{rel}","templated":true}]}}