{"id":1541,"date":"2024-11-28T12:12:30","date_gmt":"2024-11-28T12:12:30","guid":{"rendered":"https:\/\/demo.restaurantereidaspraias.com\/?page_id=1541"},"modified":"2024-11-29T16:52:03","modified_gmt":"2024-11-29T16:52:03","slug":"la-plage","status":"publish","type":"page","link":"https:\/\/restaurantereidaspraias.com\/fr\/la-plage\/","title":{"rendered":"La plage"},"content":{"rendered":"<div data-elementor-type=\"wp-page\" data-elementor-id=\"1541\" class=\"elementor elementor-1541\">\n\t\t\t\t\t\t<section class=\"elementor-section elementor-top-section elementor-element elementor-element-5a404d86 elementor-section-full_width elementor-section-height-min-height elementor-section-items-stretch elementor-reverse-mobile elementor-section-height-default\" data-id=\"5a404d86\" data-element_type=\"section\" data-settings=\"{&quot;background_background&quot;:&quot;classic&quot;}\">\n\t\t\t\t\t\t<div class=\"elementor-container elementor-column-gap-no\">\n\t\t\t\t\t<div class=\"elementor-column elementor-col-50 elementor-top-column elementor-element elementor-element-1baa5a78\" data-id=\"1baa5a78\" data-element_type=\"column\">\n\t\t\t<div class=\"elementor-widget-wrap elementor-element-populated\">\n\t\t\t\t\t\t<div class=\"elementor-element elementor-element-343b6f13 pt-animation-medium-offset elementor-invisible elementor-widget elementor-widget-pt_title\" data-id=\"343b6f13\" data-element_type=\"widget\" data-settings=\"{&quot;_animation&quot;:&quot;fadeInUp&quot;,&quot;_animation_delay&quot;:100}\" data-widget_type=\"pt_title.default\">\n\t\t\t\t<div class=\"elementor-widget-container\">\n\t\t\t\t\t\n        <div class=\"pt-title-wrap\">\t            <div class=\"pt-subtitle-wrap\"><span class=\"pt-subtitle color-secondary\">Plage de Caneiros<\/span><\/div>\t            <h3 class=\"pt-title\">\n\t                 la plage\t            <\/h3>\t            <div class=\"pt-title-text\">\n\t                <p>Praia dos Caneiros est l'une des plus belles plages de l'Algarve. Situ\u00e9e dans un cadre idyllique, elle vous offre l'exp\u00e9rience de plage la plus d\u00e9tendue et la plus compl\u00e8te de notre c\u00f4te.<\/p><p>Zone de concession avec d'\u00e9l\u00e9gantes chaises longues en bois avec de grands coussins blancs disponibles \u00e0 la location tout au long de la journ\u00e9e.<\/p>\t            <\/div>                <div class=\"pt-title-btn\">\n                    <a class=\"button elementor-button-link pt-btn-color-secondary pt-btn-outline\" role=\"button\" href=\"\/fr\/evenements\/\">\n                        <span class=\"pt-btn-text\">Voir les \u00e9v\u00e9nements<\/span>\n                    <\/a>\n                <\/div>\n                    <\/div>\t\t\t\t<\/div>\n\t\t\t\t<\/div>\n\t\t\t\t\t<\/div>\n\t\t<\/div>\n\t\t\t\t<div class=\"elementor-column elementor-col-50 elementor-top-column elementor-element elementor-element-3b39647b\" data-id=\"3b39647b\" data-element_type=\"column\" data-settings=\"{&quot;background_background&quot;:&quot;classic&quot;}\">\n\t\t\t<div class=\"elementor-widget-wrap elementor-element-populated\">\n\t\t\t\t\t\t<div class=\"elementor-element elementor-element-f59c2c6 elementor-widget elementor-widget-spacer\" data-id=\"f59c2c6\" data-element_type=\"widget\" data-widget_type=\"spacer.default\">\n\t\t\t\t<div class=\"elementor-widget-container\">\n\t\t\t\t\t\t\t<div class=\"elementor-spacer\">\n\t\t\t<div class=\"elementor-spacer-inner\"><\/div>\n\t\t<\/div>\n\t\t\t\t\t\t<\/div>\n\t\t\t\t<\/div>\n\t\t\t\t\t<\/div>\n\t\t<\/div>\n\t\t\t\t\t<\/div>\n\t\t<\/section>\n\t\t\t\t<section class=\"elementor-section elementor-top-section elementor-element elementor-element-6975d9db elementor-section-full_width elementor-section-height-default elementor-section-height-default\" data-id=\"6975d9db\" data-element_type=\"section\">\n\t\t\t\t\t\t<div class=\"elementor-container elementor-column-gap-no\">\n\t\t\t\t\t<div class=\"elementor-column elementor-col-50 elementor-top-column elementor-element elementor-element-86b4327\" data-id=\"86b4327\" data-element_type=\"column\">\n\t\t\t<div class=\"elementor-widget-wrap elementor-element-populated\">\n\t\t\t\t\t\t<div class=\"elementor-element elementor-element-459ffc11 elementor-widget elementor-widget-pt_call_to_action\" data-id=\"459ffc11\" data-element_type=\"widget\" data-settings=\"{&quot;overlay_background&quot;:&quot;classic&quot;}\" data-widget_type=\"pt_call_to_action.default\">\n\t\t\t\t<div class=\"elementor-widget-container\">\n\t\t\t\t\t\n\t\t<div class=\"pt-cta cta-layout-text-overlap content-middle text-hover-to-show with-inner-border text-center cta-hover-img-zoom dark-color\">\n            <div class=\"pt-cta-wrap\">\t                <div class=\"pt-cta-img\">\n\t                    <img fetchpriority=\"high\" decoding=\"async\" width=\"1920\" height=\"1171\" src=\"https:\/\/restaurantereidaspraias.com\/wp-content\/uploads\/2024\/11\/573494aaae27c963589367.jpg\" class=\"attachment-full size-full wp-image-1547\" alt=\"\" srcset=\"https:\/\/restaurantereidaspraias.com\/wp-content\/uploads\/2024\/11\/573494aaae27c963589367.jpg 1920w, https:\/\/restaurantereidaspraias.com\/wp-content\/uploads\/2024\/11\/573494aaae27c963589367-300x183.jpg 300w, https:\/\/restaurantereidaspraias.com\/wp-content\/uploads\/2024\/11\/573494aaae27c963589367-1024x625.jpg 1024w, https:\/\/restaurantereidaspraias.com\/wp-content\/uploads\/2024\/11\/573494aaae27c963589367-768x468.jpg 768w, https:\/\/restaurantereidaspraias.com\/wp-content\/uploads\/2024\/11\/573494aaae27c963589367-1536x937.jpg 1536w, https:\/\/restaurantereidaspraias.com\/wp-content\/uploads\/2024\/11\/573494aaae27c963589367-18x12.jpg 18w, https:\/\/restaurantereidaspraias.com\/wp-content\/uploads\/2024\/11\/573494aaae27c963589367-1440x878.jpg 1440w, https:\/\/restaurantereidaspraias.com\/wp-content\/uploads\/2024\/11\/573494aaae27c963589367-1200x732.jpg 1200w, https:\/\/restaurantereidaspraias.com\/wp-content\/uploads\/2024\/11\/573494aaae27c963589367-780x476.jpg 780w, https:\/\/restaurantereidaspraias.com\/wp-content\/uploads\/2024\/11\/573494aaae27c963589367-600x366.jpg 600w, https:\/\/restaurantereidaspraias.com\/wp-content\/uploads\/2024\/11\/573494aaae27c963589367-550x335.jpg 550w, https:\/\/restaurantereidaspraias.com\/wp-content\/uploads\/2024\/11\/573494aaae27c963589367-370x226.jpg 370w, https:\/\/restaurantereidaspraias.com\/wp-content\/uploads\/2024\/11\/573494aaae27c963589367-255x156.jpg 255w, https:\/\/restaurantereidaspraias.com\/wp-content\/uploads\/2024\/11\/573494aaae27c963589367-150x91.jpg 150w\" sizes=\"(max-width: 1920px) 100vw, 1920px\" \/>\t                <\/div>                <div class=\"pt-cta-overlay\"><\/div>\n\n                <div class=\"pt-cta-content\">\t\t            <h4 class=\"pt-cta-title pt-title\">\n\t\t                LITS\t\t            <\/h4>\t\t\t<\/div>                <a class=\"pt-cta-link\" href=\"\/fr\/lits\/\"><\/a>            <\/div>\n        <\/div>\t\t\t\t<\/div>\n\t\t\t\t<\/div>\n\t\t\t\t\t<\/div>\n\t\t<\/div>\n\t\t\t\t<div class=\"elementor-column elementor-col-50 elementor-top-column elementor-element elementor-element-a6b6b0a\" data-id=\"a6b6b0a\" data-element_type=\"column\">\n\t\t\t<div class=\"elementor-widget-wrap elementor-element-populated\">\n\t\t\t\t\t\t<div class=\"elementor-element elementor-element-6e4be36c elementor-widget elementor-widget-pt_call_to_action\" data-id=\"6e4be36c\" data-element_type=\"widget\" data-settings=\"{&quot;overlay_background&quot;:&quot;classic&quot;}\" data-widget_type=\"pt_call_to_action.default\">\n\t\t\t\t<div class=\"elementor-widget-container\">\n\t\t\t\t\t\n\t\t<div class=\"pt-cta cta-layout-text-overlap content-middle text-hover-to-show with-inner-border text-center cta-hover-img-zoom dark-color\">\n            <div class=\"pt-cta-wrap\">\t                <div class=\"pt-cta-img\">\n\t                    <img decoding=\"async\" width=\"1920\" height=\"1171\" src=\"https:\/\/restaurantereidaspraias.com\/wp-content\/uploads\/2024\/11\/massagens.jpg\" class=\"attachment-full size-full wp-image-1550\" alt=\"\" srcset=\"https:\/\/restaurantereidaspraias.com\/wp-content\/uploads\/2024\/11\/massagens.jpg 1920w, https:\/\/restaurantereidaspraias.com\/wp-content\/uploads\/2024\/11\/massagens-300x183.jpg 300w, https:\/\/restaurantereidaspraias.com\/wp-content\/uploads\/2024\/11\/massagens-1024x625.jpg 1024w, https:\/\/restaurantereidaspraias.com\/wp-content\/uploads\/2024\/11\/massagens-768x468.jpg 768w, https:\/\/restaurantereidaspraias.com\/wp-content\/uploads\/2024\/11\/massagens-1536x937.jpg 1536w, https:\/\/restaurantereidaspraias.com\/wp-content\/uploads\/2024\/11\/massagens-18x12.jpg 18w, https:\/\/restaurantereidaspraias.com\/wp-content\/uploads\/2024\/11\/massagens-1440x878.jpg 1440w, https:\/\/restaurantereidaspraias.com\/wp-content\/uploads\/2024\/11\/massagens-1200x732.jpg 1200w, https:\/\/restaurantereidaspraias.com\/wp-content\/uploads\/2024\/11\/massagens-780x476.jpg 780w, https:\/\/restaurantereidaspraias.com\/wp-content\/uploads\/2024\/11\/massagens-600x366.jpg 600w, https:\/\/restaurantereidaspraias.com\/wp-content\/uploads\/2024\/11\/massagens-550x335.jpg 550w, https:\/\/restaurantereidaspraias.com\/wp-content\/uploads\/2024\/11\/massagens-370x226.jpg 370w, https:\/\/restaurantereidaspraias.com\/wp-content\/uploads\/2024\/11\/massagens-255x156.jpg 255w, https:\/\/restaurantereidaspraias.com\/wp-content\/uploads\/2024\/11\/massagens-150x91.jpg 150w\" sizes=\"(max-width: 1920px) 100vw, 1920px\" \/>\t                <\/div>                <div class=\"pt-cta-overlay\"><\/div>\n\n                <div class=\"pt-cta-content\">\t\t            <h4 class=\"pt-cta-title pt-title\">\n\t\t                MASSAGES\t\t            <\/h4>\t\t\t<\/div>                <a class=\"pt-cta-link\" href=\"\/fr\/massages\/\"><\/a>            <\/div>\n        <\/div>\t\t\t\t<\/div>\n\t\t\t\t<\/div>\n\t\t\t\t\t<\/div>\n\t\t<\/div>\n\t\t\t\t\t<\/div>\n\t\t<\/section>\n\t\t\t\t<section class=\"elementor-section elementor-top-section elementor-element elementor-element-2b2b501b pt-section-content-fullwidth elementor-section-boxed elementor-section-height-default elementor-section-height-default\" data-id=\"2b2b501b\" data-element_type=\"section\" id=\"philosophy\" data-settings=\"{&quot;background_background&quot;:&quot;classic&quot;}\">\n\t\t\t\t\t\t<div class=\"elementor-container elementor-column-gap-no\">\n\t\t\t\t\t<div class=\"elementor-column elementor-col-100 elementor-top-column elementor-element elementor-element-2a8b0e0d\" data-id=\"2a8b0e0d\" data-element_type=\"column\">\n\t\t\t<div class=\"elementor-widget-wrap elementor-element-populated\">\n\t\t\t\t\t\t<div class=\"elementor-element elementor-element-5c411683 elementor-arrows-position-inside elementor-widget elementor-widget-image-carousel\" data-id=\"5c411683\" data-element_type=\"widget\" data-settings=\"{&quot;slides_to_show&quot;:&quot;1&quot;,&quot;navigation&quot;:&quot;arrows&quot;,&quot;autoplay&quot;:&quot;yes&quot;,&quot;pause_on_hover&quot;:&quot;yes&quot;,&quot;pause_on_interaction&quot;:&quot;yes&quot;,&quot;autoplay_speed&quot;:5000,&quot;infinite&quot;:&quot;yes&quot;,&quot;effect&quot;:&quot;slide&quot;,&quot;speed&quot;:500}\" data-widget_type=\"image-carousel.default\">\n\t\t\t\t<div class=\"elementor-widget-container\">\n\t\t\t\t\t\t\t<div class=\"elementor-image-carousel-wrapper swiper\" role=\"region\" aria-roledescription=\"carousel\" aria-label=\"Carrousel d&#039;images\" dir=\"ltr\">\n\t\t\t<div class=\"elementor-image-carousel swiper-wrapper\" aria-live=\"off\">\n\t\t\t\t\t\t\t\t<div class=\"swiper-slide\" role=\"group\" aria-roledescription=\"slide\" aria-label=\"1 sur 7\"><figure class=\"swiper-slide-inner\"><img decoding=\"async\" class=\"swiper-slide-image\" src=\"https:\/\/restaurantereidaspraias.com\/wp-content\/uploads\/2024\/11\/573494a774d78362920086.jpg\" alt=\"573494a774d78362920086\" \/><\/figure><\/div><div class=\"swiper-slide\" role=\"group\" aria-roledescription=\"slide\" aria-label=\"2 sur 7\"><figure class=\"swiper-slide-inner\"><img decoding=\"async\" class=\"swiper-slide-image\" src=\"https:\/\/restaurantereidaspraias.com\/wp-content\/uploads\/2024\/11\/573494aaae27c963589367.jpg\" alt=\"573494aaae27c963589367\" \/><\/figure><\/div><div class=\"swiper-slide\" role=\"group\" aria-roledescription=\"slide\" aria-label=\"3 sur 7\"><figure class=\"swiper-slide-inner\"><img decoding=\"async\" class=\"swiper-slide-image\" src=\"https:\/\/restaurantereidaspraias.com\/wp-content\/uploads\/2024\/11\/5734949c49ff8759440026.jpg\" alt=\"5734949c49ff8759440026\" \/><\/figure><\/div><div class=\"swiper-slide\" role=\"group\" aria-roledescription=\"slide\" aria-label=\"4 sur 7\"><figure class=\"swiper-slide-inner\"><img decoding=\"async\" class=\"swiper-slide-image\" src=\"https:\/\/restaurantereidaspraias.com\/wp-content\/uploads\/2024\/11\/5734949cdb058240283749.jpg\" alt=\"5734949cdb058240283749\" \/><\/figure><\/div><div class=\"swiper-slide\" role=\"group\" aria-roledescription=\"slide\" aria-label=\"5 sur 7\"><figure class=\"swiper-slide-inner\"><img decoding=\"async\" class=\"swiper-slide-image\" src=\"https:\/\/restaurantereidaspraias.com\/wp-content\/uploads\/2024\/11\/VR_7475ED.png\" alt=\"_VR_7475ED\" \/><\/figure><\/div><div class=\"swiper-slide\" role=\"group\" aria-roledescription=\"slide\" aria-label=\"6 sur 7\"><figure class=\"swiper-slide-inner\"><img decoding=\"async\" class=\"swiper-slide-image\" src=\"https:\/\/restaurantereidaspraias.com\/wp-content\/uploads\/2024\/11\/573494a400e30798514358.jpg\" alt=\"573494a400e30798514358\" \/><\/figure><\/div><div class=\"swiper-slide\" role=\"group\" aria-roledescription=\"slide\" aria-label=\"7 sur 7\"><figure class=\"swiper-slide-inner\"><img decoding=\"async\" class=\"swiper-slide-image\" src=\"https:\/\/restaurantereidaspraias.com\/wp-content\/uploads\/2024\/11\/573494a3d0f05933996398.jpg\" alt=\"573494a3d0f05933996398\" \/><\/figure><\/div>\t\t\t<\/div>\n\t\t\t\t\t\t\t\t\t\t\t\t<div class=\"elementor-swiper-button elementor-swiper-button-prev\" role=\"button\" tabindex=\"0\">\n\t\t\t\t\t\t<svg aria-hidden=\"true\" class=\"e-font-icon-svg e-eicon-chevron-left\" viewbox=\"0 0 1000 1000\" xmlns=\"http:\/\/www.w3.org\/2000\/svg\"><path d=\"M646 125C629 125 613 133 604 142L308 442C296 454 292 471 292 487 292 504 296 521 308 533L604 854C617 867 629 875 646 875 663 875 679 871 692 858 704 846 713 829 713 812 713 796 708 779 692 767L438 487 692 225C700 217 708 204 708 187 708 171 704 154 692 142 675 129 663 125 646 125Z\"><\/path><\/svg>\t\t\t\t\t<\/div>\n\t\t\t\t\t<div class=\"elementor-swiper-button elementor-swiper-button-next\" role=\"button\" tabindex=\"0\">\n\t\t\t\t\t\t<svg aria-hidden=\"true\" class=\"e-font-icon-svg e-eicon-chevron-right\" viewbox=\"0 0 1000 1000\" xmlns=\"http:\/\/www.w3.org\/2000\/svg\"><path d=\"M696 533C708 521 713 504 713 487 713 471 708 454 696 446L400 146C388 133 375 125 354 125 338 125 325 129 313 142 300 154 292 171 292 187 292 204 296 221 308 233L563 492 304 771C292 783 288 800 288 817 288 833 296 850 308 863 321 871 338 875 354 875 371 875 388 867 400 854L696 533Z\"><\/path><\/svg>\t\t\t\t\t<\/div>\n\t\t\t\t\n\t\t\t\t\t\t\t\t\t<\/div>\n\t\t\t\t\t\t<\/div>\n\t\t\t\t<\/div>\n\t\t\t\t\t<\/div>\n\t\t<\/div>\n\t\t\t\t\t<\/div>\n\t\t<\/section>\n\t\t\t\t<\/div>","protected":false},"excerpt":{"rendered":"<p>Praia dos Caneiros la plage L'une des plus belles plages de l'Algarve, Praia dos Caneiros, situ\u00e9e dans un cadre idyllique, vous offre l'exp\u00e9rience de plage la plus d\u00e9tendue et la plus compl\u00e8te de notre c\u00f4te. Zone de concession, avec d'\u00e9l\u00e9gantes chaises longues en bois avec de grands coussins blancs disponibles \u00e0 la location tout au long de la journ\u00e9e. voir \u00e9v\u00e9nements LITS ...<\/p>","protected":false},"author":1,"featured_media":0,"parent":0,"menu_order":0,"comment_status":"closed","ping_status":"closed","template":"template-wide-content.php","meta":{"_themeisle_gutenberg_block_has_review":false,"patiotime_single_page_hide_site_header":"","patiotime_single_page_site_header_source":"","patiotime_single_page_custom_site_header":"0","patiotime_single_page_custom_sticky_site_header":"0","patiotime_single_page_custom_page_title_margin_top_source":"","patiotime_single_page_custom_page_title_desktop_margin_top":"","patiotime_single_page_custom_page_title_tablet_margin_top":"","patiotime_single_page_custom_page_title_mobile_margin_top":"","patiotime_single_page_hide_page_title":"","patiotime_single_page_header_section_size":"","patiotime_single_page_header_background_color":"","patiotime_single_page_header_background_position_x":"center","patiotime_single_page_header_background_position_y":"center","patiotime_single_page_header_background_size":"cover","patiotime_single_page_header_background_repeat":"off","patiotime_single_page_header_background_scroll":"on","patiotime_single_page_header_text_color":"","patiotime_single_page_header_show_breadcrumb":"","patiotime_single_page_site_footer_hide_main":"","patiotime_single_custom_site_footer_main_source":"","patiotime_single_custom_site_footer_main":"0","patiotime_single_page_site_footer_hide_above":"","patiotime_single_custom_site_footer_above_source":"","patiotime_single_custom_site_footer_above":"0","patiotime_single_page_site_footer_hide_instagram":"","patiotime_single_page_site_footer_hide_bottom":"","patiotime_single_custom_mobile_menu_source":"","patiotime_single_custom_mobile_menu":"0","patiotime_single_custom_mobile_menu_animation":"","patiotime_single_custom_mobile_menu_width":"","patiotime_single_custom_mobile_menu_custom_width":375,"footnotes":""},"class_list":["post-1541","page","type-page","status-publish","hentry"],"yoast_head":"<!-- This site is optimized with the Yoast SEO plugin v26.4 - https:\/\/yoast.com\/wordpress\/plugins\/seo\/ -->\n<title>A Praia - Restaurante Rei das Praias<\/title>\n<meta name=\"description\" content=\"Uma das mais belas praias do Algarve, a Praia dos Caneiros, situada num local id\u00edlico, proporciona-lhe a experi\u00eancia de praia mais descontra\u00edda e completa da nossa costa.\" \/>\n<meta name=\"robots\" content=\"index, follow, max-snippet:-1, max-image-preview:large, max-video-preview:-1\" \/>\n<link rel=\"canonical\" href=\"https:\/\/restaurantereidaspraias.com\/fr\/la-plage\/\" \/>\n<meta property=\"og:locale\" content=\"fr_FR\" \/>\n<meta property=\"og:type\" content=\"article\" \/>\n<meta property=\"og:title\" content=\"A Praia - Restaurante Rei das Praias\" \/>\n<meta property=\"og:description\" content=\"Uma das mais belas praias do Algarve, a Praia dos Caneiros, situada num local id\u00edlico, proporciona-lhe a experi\u00eancia de praia mais descontra\u00edda e completa da nossa costa.\" \/>\n<meta property=\"og:url\" content=\"https:\/\/restaurantereidaspraias.com\/fr\/la-plage\/\" \/>\n<meta property=\"og:site_name\" content=\"Restaurante Rei das Praias\" \/>\n<meta property=\"article:modified_time\" content=\"2024-11-29T16:52:03+00:00\" \/>\n<meta property=\"og:image\" content=\"https:\/\/restaurantereidaspraias.com\/wp-content\/uploads\/2024\/11\/573494aaae27c963589367.jpg\" \/>\n<meta name=\"twitter:card\" content=\"summary_large_image\" \/>\n<meta name=\"twitter:label1\" content=\"Dur\u00e9e de lecture estim\u00e9e\" \/>\n\t<meta name=\"twitter:data1\" content=\"3 minutes\" \/>\n<script type=\"application\/ld+json\" class=\"yoast-schema-graph\">{\"@context\":\"https:\/\/schema.org\",\"@graph\":[{\"@type\":\"WebPage\",\"@id\":\"https:\/\/restaurantereidaspraias.com\/a-praia\/\",\"url\":\"https:\/\/restaurantereidaspraias.com\/a-praia\/\",\"name\":\"A Praia - Restaurante Rei das Praias\",\"isPartOf\":{\"@id\":\"https:\/\/restaurantereidaspraias.com\/#website\"},\"primaryImageOfPage\":{\"@id\":\"https:\/\/restaurantereidaspraias.com\/a-praia\/#primaryimage\"},\"image\":{\"@id\":\"https:\/\/restaurantereidaspraias.com\/a-praia\/#primaryimage\"},\"thumbnailUrl\":\"https:\/\/restaurantereidaspraias.com\/wp-content\/uploads\/2024\/11\/573494aaae27c963589367.jpg\",\"datePublished\":\"2024-11-28T12:12:30+00:00\",\"dateModified\":\"2024-11-29T16:52:03+00:00\",\"description\":\"Uma das mais belas praias do Algarve, a Praia dos Caneiros, situada num local id\u00edlico, proporciona-lhe a experi\u00eancia de praia mais descontra\u00edda e completa da nossa costa.\",\"breadcrumb\":{\"@id\":\"https:\/\/restaurantereidaspraias.com\/a-praia\/#breadcrumb\"},\"inLanguage\":\"fr-FR\",\"potentialAction\":[{\"@type\":\"ReadAction\",\"target\":[\"https:\/\/restaurantereidaspraias.com\/a-praia\/\"]}]},{\"@type\":\"ImageObject\",\"inLanguage\":\"fr-FR\",\"@id\":\"https:\/\/restaurantereidaspraias.com\/a-praia\/#primaryimage\",\"url\":\"https:\/\/restaurantereidaspraias.com\/wp-content\/uploads\/2024\/11\/573494aaae27c963589367.jpg\",\"contentUrl\":\"https:\/\/restaurantereidaspraias.com\/wp-content\/uploads\/2024\/11\/573494aaae27c963589367.jpg\"},{\"@type\":\"BreadcrumbList\",\"@id\":\"https:\/\/restaurantereidaspraias.com\/a-praia\/#breadcrumb\",\"itemListElement\":[{\"@type\":\"ListItem\",\"position\":1,\"name\":\"In\u00edcio\",\"item\":\"https:\/\/restaurantereidaspraias.com\/\"},{\"@type\":\"ListItem\",\"position\":2,\"name\":\"A Praia\"}]},{\"@type\":\"WebSite\",\"@id\":\"https:\/\/restaurantereidaspraias.com\/#website\",\"url\":\"https:\/\/restaurantereidaspraias.com\/\",\"name\":\"Restaurante Rei das Praias\",\"description\":\"\",\"publisher\":{\"@id\":\"https:\/\/restaurantereidaspraias.com\/#organization\"},\"potentialAction\":[{\"@type\":\"SearchAction\",\"target\":{\"@type\":\"EntryPoint\",\"urlTemplate\":\"https:\/\/restaurantereidaspraias.com\/?s={search_term_string}\"},\"query-input\":{\"@type\":\"PropertyValueSpecification\",\"valueRequired\":true,\"valueName\":\"search_term_string\"}}],\"inLanguage\":\"fr-FR\"},{\"@type\":\"Organization\",\"@id\":\"https:\/\/restaurantereidaspraias.com\/#organization\",\"name\":\"Restaurante Rei das Praias\",\"url\":\"https:\/\/restaurantereidaspraias.com\/\",\"logo\":{\"@type\":\"ImageObject\",\"inLanguage\":\"fr-FR\",\"@id\":\"https:\/\/restaurantereidaspraias.com\/#\/schema\/logo\/image\/\",\"url\":\"https:\/\/restaurantereidaspraias.com\/wp-content\/uploads\/2024\/11\/cropped-FAV_ICON.png\",\"contentUrl\":\"https:\/\/restaurantereidaspraias.com\/wp-content\/uploads\/2024\/11\/cropped-FAV_ICON.png\",\"width\":500,\"height\":500,\"caption\":\"Restaurante Rei das Praias\"},\"image\":{\"@id\":\"https:\/\/restaurantereidaspraias.com\/#\/schema\/logo\/image\/\"}}]}<\/script>\n<!-- \/ Yoast SEO plugin. -->","yoast_head_json":{"title":"La plage - Restaurant Rei das Praias","description":"Praia dos Caneiros est l'une des plus belles plages de l'Algarve. Situ\u00e9e dans un cadre idyllique, elle vous offre l'exp\u00e9rience de plage la plus d\u00e9tendue et la plus compl\u00e8te de notre c\u00f4te.","robots":{"index":"index","follow":"follow","max-snippet":"max-snippet:-1","max-image-preview":"max-image-preview:large","max-video-preview":"max-video-preview:-1"},"canonical":"https:\/\/restaurantereidaspraias.com\/fr\/la-plage\/","og_locale":"fr_FR","og_type":"article","og_title":"A Praia - Restaurante Rei das Praias","og_description":"Uma das mais belas praias do Algarve, a Praia dos Caneiros, situada num local id\u00edlico, proporciona-lhe a experi\u00eancia de praia mais descontra\u00edda e completa da nossa costa.","og_url":"https:\/\/restaurantereidaspraias.com\/fr\/la-plage\/","og_site_name":"Restaurante Rei das Praias","article_modified_time":"2024-11-29T16:52:03+00:00","og_image":[{"url":"https:\/\/restaurantereidaspraias.com\/wp-content\/uploads\/2024\/11\/573494aaae27c963589367.jpg","type":"","width":"","height":""}],"twitter_card":"summary_large_image","twitter_misc":{"Dur\u00e9e de lecture estim\u00e9e":"3 minutes"},"schema":{"@context":"https:\/\/schema.org","@graph":[{"@type":"WebPage","@id":"https:\/\/restaurantereidaspraias.com\/a-praia\/","url":"https:\/\/restaurantereidaspraias.com\/a-praia\/","name":"La plage - Restaurant Rei das Praias","isPartOf":{"@id":"https:\/\/restaurantereidaspraias.com\/#website"},"primaryImageOfPage":{"@id":"https:\/\/restaurantereidaspraias.com\/a-praia\/#primaryimage"},"image":{"@id":"https:\/\/restaurantereidaspraias.com\/a-praia\/#primaryimage"},"thumbnailUrl":"https:\/\/restaurantereidaspraias.com\/wp-content\/uploads\/2024\/11\/573494aaae27c963589367.jpg","datePublished":"2024-11-28T12:12:30+00:00","dateModified":"2024-11-29T16:52:03+00:00","description":"Praia dos Caneiros est l'une des plus belles plages de l'Algarve. Situ\u00e9e dans un cadre idyllique, elle vous offre l'exp\u00e9rience de plage la plus d\u00e9tendue et la plus compl\u00e8te de notre c\u00f4te.","breadcrumb":{"@id":"https:\/\/restaurantereidaspraias.com\/a-praia\/#breadcrumb"},"inLanguage":"fr-FR","potentialAction":[{"@type":"ReadAction","target":["https:\/\/restaurantereidaspraias.com\/a-praia\/"]}]},{"@type":"ImageObject","inLanguage":"fr-FR","@id":"https:\/\/restaurantereidaspraias.com\/a-praia\/#primaryimage","url":"https:\/\/restaurantereidaspraias.com\/wp-content\/uploads\/2024\/11\/573494aaae27c963589367.jpg","contentUrl":"https:\/\/restaurantereidaspraias.com\/wp-content\/uploads\/2024\/11\/573494aaae27c963589367.jpg"},{"@type":"BreadcrumbList","@id":"https:\/\/restaurantereidaspraias.com\/a-praia\/#breadcrumb","itemListElement":[{"@type":"ListItem","position":1,"name":"In\u00edcio","item":"https:\/\/restaurantereidaspraias.com\/"},{"@type":"ListItem","position":2,"name":"A Praia"}]},{"@type":"WebSite","@id":"https:\/\/restaurantereidaspraias.com\/#website","url":"https:\/\/restaurantereidaspraias.com\/","name":"Restaurant King of the Beaches","description":"","publisher":{"@id":"https:\/\/restaurantereidaspraias.com\/#organization"},"potentialAction":[{"@type":"SearchAction","target":{"@type":"EntryPoint","urlTemplate":"https:\/\/restaurantereidaspraias.com\/?s={search_term_string}"},"query-input":{"@type":"PropertyValueSpecification","valueRequired":true,"valueName":"search_term_string"}}],"inLanguage":"fr-FR"},{"@type":"Organization","@id":"https:\/\/restaurantereidaspraias.com\/#organization","name":"Restaurant King of the Beaches","url":"https:\/\/restaurantereidaspraias.com\/","logo":{"@type":"ImageObject","inLanguage":"fr-FR","@id":"https:\/\/restaurantereidaspraias.com\/#\/schema\/logo\/image\/","url":"https:\/\/restaurantereidaspraias.com\/wp-content\/uploads\/2024\/11\/cropped-FAV_ICON.png","contentUrl":"https:\/\/restaurantereidaspraias.com\/wp-content\/uploads\/2024\/11\/cropped-FAV_ICON.png","width":500,"height":500,"caption":"Restaurante Rei das Praias"},"image":{"@id":"https:\/\/restaurantereidaspraias.com\/#\/schema\/logo\/image\/"}}]}},"_links":{"self":[{"href":"https:\/\/restaurantereidaspraias.com\/fr\/wp-json\/wp\/v2\/pages\/1541","targetHints":{"allow":["GET"]}}],"collection":[{"href":"https:\/\/restaurantereidaspraias.com\/fr\/wp-json\/wp\/v2\/pages"}],"about":[{"href":"https:\/\/restaurantereidaspraias.com\/fr\/wp-json\/wp\/v2\/types\/page"}],"author":[{"embeddable":true,"href":"https:\/\/restaurantereidaspraias.com\/fr\/wp-json\/wp\/v2\/users\/1"}],"replies":[{"embeddable":true,"href":"https:\/\/restaurantereidaspraias.com\/fr\/wp-json\/wp\/v2\/comments?post=1541"}],"version-history":[{"count":17,"href":"https:\/\/restaurantereidaspraias.com\/fr\/wp-json\/wp\/v2\/pages\/1541\/revisions"}],"predecessor-version":[{"id":1566,"href":"https:\/\/restaurantereidaspraias.com\/fr\/wp-json\/wp\/v2\/pages\/1541\/revisions\/1566"}],"wp:attachment":[{"href":"https:\/\/restaurantereidaspraias.com\/fr\/wp-json\/wp\/v2\/media?parent=1541"}],"curies":[{"name":"wp","href":"https:\/\/api.w.org\/{rel}","templated":true}]}}