{"id":1980,"date":"2024-12-04T15:26:56","date_gmt":"2024-12-04T15:26:56","guid":{"rendered":"https:\/\/demo.restaurantereidaspraias.com\/?page_id=1980"},"modified":"2025-02-04T15:34:27","modified_gmt":"2025-02-04T15:34:27","slug":"group-menu","status":"publish","type":"page","link":"https:\/\/restaurantereidaspraias.com\/en\/group-menu\/","title":{"rendered":"Group Menu"},"content":{"rendered":"<div data-elementor-type=\"wp-page\" data-elementor-id=\"1980\" class=\"elementor elementor-1980\">\n\t\t\t\t\t\t<section class=\"elementor-section elementor-top-section elementor-element elementor-element-5f8cc4a4 elementor-section-height-min-height pt-section-content-fullwidth pt-parallax-on-scroll pt_scroll_y_120 elementor-section-boxed elementor-section-height-default elementor-section-items-middle\" data-id=\"5f8cc4a4\" data-element_type=\"section\" data-settings=\"{&quot;background_background&quot;:&quot;classic&quot;}\" data-pt-parallax-y=\"120\" style=\"background-image: none;\" data-pt-background-image=\"https:\/\/restaurantereidaspraias.com\/wp-content\/uploads\/2024\/11\/603ccbae3085a848192564.jpg\">\n\t\t\t\t\t\t\t<div class=\"elementor-background-overlay\"><\/div>\n\t\t\t\t\t\t\t<div class=\"elementor-container elementor-column-gap-default\">\n\t\t\t\t\t<div class=\"elementor-column elementor-col-100 elementor-top-column elementor-element elementor-element-cd3aa64 dark-color\" data-id=\"cd3aa64\" data-element_type=\"column\">\n\t\t\t<div class=\"elementor-widget-wrap elementor-element-populated\">\n\t\t\t\t\t\t<div class=\"elementor-element elementor-element-2cf76b55 elementor-widget elementor-widget-pt_title\" data-id=\"2cf76b55\" data-element_type=\"widget\" data-widget_type=\"pt_title.default\">\n\t\t\t\t<div class=\"elementor-widget-container\">\n\t\t\t\t\t\n        <div class=\"pt-title-wrap text-center\">\t            <h4 class=\"pt-title\">\n\t                Group Menu\t            <\/h4>        <\/div>\t\t\t\t<\/div>\n\t\t\t\t<\/div>\n\t\t\t\t\t<\/div>\n\t\t<\/div>\n\t\t\t\t\t<\/div>\n\t\t<\/section>\n\t\t\t\t<section class=\"elementor-section elementor-top-section elementor-element elementor-element-6cb36f7 elementor-section-full_width elementor-section-height-min-height elementor-section-items-stretch elementor-section-height-default\" data-id=\"6cb36f7\" data-element_type=\"section\" data-settings=\"{&quot;background_background&quot;:&quot;classic&quot;}\">\n\t\t\t\t\t\t<div class=\"elementor-container elementor-column-gap-no\">\n\t\t\t\t\t<div class=\"elementor-column elementor-col-100 elementor-top-column elementor-element elementor-element-22535598\" data-id=\"22535598\" data-element_type=\"column\">\n\t\t\t<div class=\"elementor-widget-wrap elementor-element-populated\">\n\t\t\t\t\t\t<div class=\"elementor-element elementor-element-34dfc02d elementor-widget elementor-widget-pt_title\" data-id=\"34dfc02d\" data-element_type=\"widget\" data-widget_type=\"pt_title.default\">\n\t\t\t\t<div class=\"elementor-widget-container\">\n\t\t\t\t\t\n        <div class=\"pt-title-wrap\">\t            <div class=\"pt-subtitle-wrap\"><span class=\"pt-subtitle color-secondary\">contacts<\/span><\/div>\t            <h4 class=\"pt-title\">\n\t                Contact us\t            <\/h4>\t            <div class=\"pt-title-text\">\n\t                <p>Contact us to find out more about our group menus.<\/p>\t            <\/div>        <\/div>\t\t\t\t<\/div>\n\t\t\t\t<\/div>\n\t\t\t\t<div class=\"elementor-element elementor-element-13500bf9 elementor-widget elementor-widget-pt_form_cf7\" data-id=\"13500bf9\" data-element_type=\"widget\" data-widget_type=\"pt_form_cf7.default\">\n\t\t\t\t<div class=\"elementor-widget-container\">\n\t\t\t\t\t            <div class=\"pt-form-cf7 placeholder-normal\">\n                <div class=\"pt-form-cf7-wrap\">\n<div class=\"wpcf7 no-js\" id=\"wpcf7-f2416-o1\" lang=\"pt-PT\" dir=\"ltr\" data-wpcf7-id=\"2416\">\n<div class=\"screen-reader-response\"><p role=\"status\" aria-live=\"polite\" aria-atomic=\"true\"><\/p> <ul><\/ul><\/div>\n<form action=\"\/en\/wp-json\/wp\/v2\/pages\/1980#wpcf7-f2416-o1\" method=\"post\" class=\"wpcf7-form init\" aria-label=\"Contact form\" novalidate=\"novalidate\" data-status=\"init\" data-trp-original-action=\"\/en\/wp-json\/wp\/v2\/pages\/1980#wpcf7-f2416-o1\">\n<fieldset class=\"hidden-fields-container\"><input type=\"hidden\" name=\"_wpcf7\" value=\"2416\" \/><input type=\"hidden\" name=\"_wpcf7_version\" value=\"6.1.3\" \/><input type=\"hidden\" name=\"_wpcf7_locale\" value=\"pt_PT\" \/><input type=\"hidden\" name=\"_wpcf7_unit_tag\" value=\"wpcf7-f2416-o1\" \/><input type=\"hidden\" name=\"_wpcf7_container_post\" value=\"0\" \/><input type=\"hidden\" name=\"_wpcf7_posted_data_hash\" value=\"\" \/><input type=\"hidden\" name=\"_uacf7_hidden_conditional_fields\" value=\"\" \/><input type=\"hidden\" name=\"_wpcf7_recaptcha_response\" value=\"\" \/>\n<\/fieldset>\n<div class=\"uacf7-form-wrapper-container uacf7-form-2416\"><div class=\"uacf7-row\"><div class=\"uacf7-col-6\"> <label> Name\n    <span class=\"wpcf7-form-control-wrap\" data-name=\"your-name\"><input size=\"40\" maxlength=\"400\" class=\"wpcf7-form-control wpcf7-text wpcf7-validates-as-required\" autocomplete=\"name\" aria-required=\"true\" aria-invalid=\"false\" value=\"\" type=\"text\" name=\"your-name\" \/><\/span> <\/label> <\/div><div class=\"uacf7-col-6\"> <label> Email\n    <span class=\"wpcf7-form-control-wrap\" data-name=\"your-email\"><input size=\"40\" maxlength=\"400\" class=\"wpcf7-form-control wpcf7-email wpcf7-validates-as-required wpcf7-text wpcf7-validates-as-email\" autocomplete=\"email\" aria-required=\"true\" aria-invalid=\"false\" value=\"\" type=\"email\" name=\"your-email\" \/><\/span> <\/label> <\/div><\/div>\n\n\n\n<div class=\"uacf7-row\"><div class=\"uacf7-col-6\"> <label>Telephone\n<span class=\"wpcf7-form-control-wrap intl_tel-309\"><input class=\"wpcf7-form-control wpcf7-intl_tel wpcf7-intl-tel\" aria-invalid=\"false\" data-initialcountry=\"pt\" value=\"\" type=\"tel\" name=\"intl_tel-309-cf7it-national\" \/><input name=\"intl_tel-309\" type=\"hidden\" class=\"wpcf7-intl-tel-full\" \/><input type=\"hidden\" name=\"intl_tel-309-cf7it-country-name\" class=\"wpcf7-intl-tel-country-name\" \/><input type=\"hidden\" name=\"intl_tel-309-cf7it-country-code\" class=\"wpcf7-intl-tel-country-code\" \/><input type=\"hidden\" name=\"intl_tel-309-cf7it-country-iso2\" class=\"wpcf7-intl-tel-country-iso2\" \/><\/span><\/label> <\/div><div class=\"uacf7-col-6\"> <label> Type of Event\n    <span class=\"wpcf7-form-control-wrap\" data-name=\"select-944\"><select class=\"wpcf7-form-control wpcf7-select\" aria-invalid=\"false\" name=\"select-944\"><option value=\"\"><\/option><option value=\"Casamentos\">Weddings<\/option><option value=\"Festas\">Parties<\/option><option value=\"Apresenta\u00e7\u00f5es\">Presentations<\/option><option value=\"Outros\">Others<\/option><\/select><\/span> <\/label> <\/div><\/div>\n\n<label> Number of people\n    <span class=\"wpcf7-form-control-wrap\" data-name=\"number-303\"><input class=\"wpcf7-form-control wpcf7-number wpcf7-validates-as-number\" min=\"0\" max=\"30\" aria-invalid=\"false\" value=\"\" type=\"number\" name=\"number-303\" \/><\/span> <\/label>\n\n\n<label> Message\n    <span class=\"wpcf7-form-control-wrap\" data-name=\"your-message\"><textarea cols=\"40\" rows=\"10\" maxlength=\"2000\" class=\"wpcf7-form-control wpcf7-textarea\" aria-invalid=\"false\" name=\"your-message\"><\/textarea><\/span> <\/label>\n\n\n\n<!-- Mailchimp for WordPress v4.12.1 - https:\/\/www.mc4wp.com\/ --><input type=\"hidden\" name=\"_mc4wp_subscribe_contact-form-7\" value=\"0\" \/><span class=\"mc4wp-checkbox mc4wp-checkbox-contact-form-7\"><label><input type=\"checkbox\" name=\"_mc4wp_subscribe_contact-form-7\" value=\"1\" ><span> I authorise the use of my e-mail address to receive information and offers related to Rei das Praias Restaurant, in accordance with the Privacy Policy.<\/span><\/label><\/span><!-- \/ Mailchimp for WordPress -->\n\n<input class=\"wpcf7-form-control wpcf7-submit has-spinner\" type=\"submit\" value=\"Send\" \/><\/div><div class=\"wpcf7-response-output\" aria-hidden=\"true\"><\/div>\n<input type=\"hidden\" name=\"trp-form-language\" value=\"en\"\/><\/form>\n<\/div>\n<\/div>\n            <\/div>\t\t\t\t<\/div>\n\t\t\t\t<\/div>\n\t\t\t\t\t<\/div>\n\t\t<\/div>\n\t\t\t\t\t<\/div>\n\t\t<\/section>\n\t\t<div class=\"elementor-element elementor-element-4880345 e-grid e-con-boxed e-con e-parent\" data-id=\"4880345\" data-element_type=\"container\">\n\t\t\t\t\t<div class=\"e-con-inner\">\n\t\t\t\t<div class=\"elementor-element elementor-element-c02ffcc elementor-widget-divider--separator-type-pattern elementor-widget-divider--view-line elementor-widget elementor-widget-divider\" data-id=\"c02ffcc\" data-element_type=\"widget\" data-widget_type=\"divider.default\">\n\t\t\t\t<div class=\"elementor-widget-container\">\n\t\t\t\t\t\t\t<div class=\"elementor-divider\" style=\"--divider-pattern-url: url(&quot;data:image\/svg+xml,%3Csvg xmlns=&#039;http:\/\/www.w3.org\/2000\/svg&#039; preserveAspectRatio=&#039;none&#039; overflow=&#039;visible&#039; height=&#039;100%&#039; viewBox=&#039;0 0 24 24&#039; fill=&#039;none&#039; stroke=&#039;black&#039; stroke-width=&#039;1.5&#039; stroke-linecap=&#039;square&#039; stroke-miterlimit=&#039;10&#039;%3E%3Cpath d=&#039;M0,6c6,0,6,13,12,13S18,6,24,6&#039;\/%3E%3C\/svg%3E&quot;);\">\n\t\t\t<span class=\"elementor-divider-separator\">\n\t\t\t\t\t\t<\/span>\n\t\t<\/div>\n\t\t\t\t\t\t<\/div>\n\t\t\t\t<\/div>\n\t\t\t\t\t<\/div>\n\t\t\t\t<\/div>\n\t\t\t\t<section class=\"elementor-section elementor-top-section elementor-element elementor-element-7d6b18c elementor-section-boxed elementor-section-height-default elementor-section-height-default\" data-id=\"7d6b18c\" data-element_type=\"section\">\n\t\t\t\t\t\t<div class=\"elementor-container elementor-column-gap-no\">\n\t\t\t\t\t<div class=\"elementor-column elementor-col-100 elementor-top-column elementor-element elementor-element-f5654ad\" data-id=\"f5654ad\" data-element_type=\"column\">\n\t\t\t<div class=\"elementor-widget-wrap elementor-element-populated\">\n\t\t\t\t\t\t<div class=\"elementor-element elementor-element-e48877e elementor-widget elementor-widget-pt_title\" data-id=\"e48877e\" data-element_type=\"widget\" data-widget_type=\"pt_title.default\">\n\t\t\t\t<div class=\"elementor-widget-container\">\n\t\t\t\t\t\n        <div class=\"pt-title-wrap text-center\">\t            <div class=\"pt-title-text\">\n\t                <p>Schedule | <span style=\"text-decoration: underline;\">Schedule<\/span><br \/>12.30 - 16.00<br \/>15h00 - 18h00<br \/>21h00 - 24h00<\/p><p>Decoration and entertainment: extra<\/p><p>For private events, minimum of:<br \/>30 people between November and May<br \/>50 people between June and October<\/p>\t            <\/div>        <\/div>\t\t\t\t<\/div>\n\t\t\t\t<\/div>\n\t\t\t\t<div class=\"elementor-element elementor-element-8c29871 elementor-widget elementor-widget-pt_title\" data-id=\"8c29871\" data-element_type=\"widget\" data-widget_type=\"pt_title.default\">\n\t\t\t\t<div class=\"elementor-widget-container\">\n\t\t\t\t\t\n        <div class=\"pt-title-wrap text-center\">\t            <div class=\"pt-title-text\">\n\t                <p>Birthday parties | Corporate events | Personal celebrations | Weddings<\/p>\t            <\/div>        <\/div>\t\t\t\t<\/div>\n\t\t\t\t<\/div>\n\t\t\t\t\t<\/div>\n\t\t<\/div>\n\t\t\t\t\t<\/div>\n\t\t<\/section>\n\t\t\t\t<\/div>","protected":false},"excerpt":{"rendered":"<p>Ementa de Grupos contactos Fale Connosco Fale connosco para saber mais sobre as ementas de grupo. Nome Email Telefone Tipo de Evento CasamentosFestasApresenta\u00e7\u00f5es N\u00famero de Pessoas Mensagem Autorizo o uso do meu e-mail para receber informa\u00e7\u00f5es e ofertas relacionadas com o Restaurante Rei das Praias, conforme a Pol\u00edtica de Privacidade. Hor\u00e1rios | Schedule12h30 \u2013 16h0015h00 &#8230;<\/p>","protected":false},"author":1,"featured_media":0,"parent":0,"menu_order":0,"comment_status":"closed","ping_status":"closed","template":"template-wide-content.php","meta":{"_themeisle_gutenberg_block_has_review":false,"patiotime_single_page_hide_site_header":"","patiotime_single_page_site_header_source":"","patiotime_single_page_custom_site_header":"0","patiotime_single_page_custom_sticky_site_header":"0","patiotime_single_page_custom_page_title_margin_top_source":"","patiotime_single_page_custom_page_title_desktop_margin_top":"","patiotime_single_page_custom_page_title_tablet_margin_top":"","patiotime_single_page_custom_page_title_mobile_margin_top":"","patiotime_single_page_hide_page_title":"","patiotime_single_page_header_section_size":"","patiotime_single_page_header_background_color":"","patiotime_single_page_header_background_position_x":"center","patiotime_single_page_header_background_position_y":"center","patiotime_single_page_header_background_size":"cover","patiotime_single_page_header_background_repeat":"off","patiotime_single_page_header_background_scroll":"on","patiotime_single_page_header_text_color":"","patiotime_single_page_header_show_breadcrumb":"","patiotime_single_page_site_footer_hide_main":"","patiotime_single_custom_site_footer_main_source":"","patiotime_single_custom_site_footer_main":"0","patiotime_single_page_site_footer_hide_above":"","patiotime_single_custom_site_footer_above_source":"","patiotime_single_custom_site_footer_above":"0","patiotime_single_page_site_footer_hide_instagram":"","patiotime_single_page_site_footer_hide_bottom":"","patiotime_single_custom_mobile_menu_source":"","patiotime_single_custom_mobile_menu":"0","patiotime_single_custom_mobile_menu_animation":"","patiotime_single_custom_mobile_menu_width":"","patiotime_single_custom_mobile_menu_custom_width":375,"footnotes":""},"class_list":["post-1980","page","type-page","status-publish","hentry"],"yoast_head":"<!-- This site is optimized with the Yoast SEO plugin v26.4 - https:\/\/yoast.com\/wordpress\/plugins\/seo\/ -->\n<title>Ementa de Grupos - Restaurante Rei das Praias<\/title>\n<meta name=\"description\" content=\"Almo\u00e7os e Jantares - Grupos\" \/>\n<meta name=\"robots\" content=\"index, follow, max-snippet:-1, max-image-preview:large, max-video-preview:-1\" \/>\n<link rel=\"canonical\" href=\"https:\/\/restaurantereidaspraias.com\/en\/group-menu\/\" \/>\n<meta property=\"og:locale\" content=\"en_GB\" \/>\n<meta property=\"og:type\" content=\"article\" \/>\n<meta property=\"og:title\" content=\"Ementa de Grupos - Restaurante Rei das Praias\" \/>\n<meta property=\"og:description\" content=\"Almo\u00e7os e Jantares - Grupos\" \/>\n<meta property=\"og:url\" content=\"https:\/\/restaurantereidaspraias.com\/en\/group-menu\/\" \/>\n<meta property=\"og:site_name\" content=\"Restaurante Rei das Praias\" \/>\n<meta property=\"article:modified_time\" content=\"2025-02-04T15:34:27+00:00\" \/>\n<meta name=\"twitter:card\" content=\"summary_large_image\" \/>\n<meta name=\"twitter:label1\" content=\"Estimated reading time\" \/>\n\t<meta name=\"twitter:data1\" content=\"1 minute\" \/>\n<script type=\"application\/ld+json\" class=\"yoast-schema-graph\">{\"@context\":\"https:\/\/schema.org\",\"@graph\":[{\"@type\":\"WebPage\",\"@id\":\"https:\/\/restaurantereidaspraias.com\/ementa-de-grupos\/\",\"url\":\"https:\/\/restaurantereidaspraias.com\/ementa-de-grupos\/\",\"name\":\"Ementa de Grupos - Restaurante Rei das Praias\",\"isPartOf\":{\"@id\":\"https:\/\/restaurantereidaspraias.com\/#website\"},\"datePublished\":\"2024-12-04T15:26:56+00:00\",\"dateModified\":\"2025-02-04T15:34:27+00:00\",\"description\":\"Almo\u00e7os e Jantares - Grupos\",\"breadcrumb\":{\"@id\":\"https:\/\/restaurantereidaspraias.com\/ementa-de-grupos\/#breadcrumb\"},\"inLanguage\":\"en-GB\",\"potentialAction\":[{\"@type\":\"ReadAction\",\"target\":[\"https:\/\/restaurantereidaspraias.com\/ementa-de-grupos\/\"]}]},{\"@type\":\"BreadcrumbList\",\"@id\":\"https:\/\/restaurantereidaspraias.com\/ementa-de-grupos\/#breadcrumb\",\"itemListElement\":[{\"@type\":\"ListItem\",\"position\":1,\"name\":\"In\u00edcio\",\"item\":\"https:\/\/restaurantereidaspraias.com\/\"},{\"@type\":\"ListItem\",\"position\":2,\"name\":\"Ementa de Grupos\"}]},{\"@type\":\"WebSite\",\"@id\":\"https:\/\/restaurantereidaspraias.com\/#website\",\"url\":\"https:\/\/restaurantereidaspraias.com\/\",\"name\":\"Restaurante Rei das Praias\",\"description\":\"\",\"publisher\":{\"@id\":\"https:\/\/restaurantereidaspraias.com\/#organization\"},\"potentialAction\":[{\"@type\":\"SearchAction\",\"target\":{\"@type\":\"EntryPoint\",\"urlTemplate\":\"https:\/\/restaurantereidaspraias.com\/?s={search_term_string}\"},\"query-input\":{\"@type\":\"PropertyValueSpecification\",\"valueRequired\":true,\"valueName\":\"search_term_string\"}}],\"inLanguage\":\"en-GB\"},{\"@type\":\"Organization\",\"@id\":\"https:\/\/restaurantereidaspraias.com\/#organization\",\"name\":\"Restaurante Rei das Praias\",\"url\":\"https:\/\/restaurantereidaspraias.com\/\",\"logo\":{\"@type\":\"ImageObject\",\"inLanguage\":\"en-GB\",\"@id\":\"https:\/\/restaurantereidaspraias.com\/#\/schema\/logo\/image\/\",\"url\":\"https:\/\/restaurantereidaspraias.com\/wp-content\/uploads\/2024\/11\/cropped-FAV_ICON.png\",\"contentUrl\":\"https:\/\/restaurantereidaspraias.com\/wp-content\/uploads\/2024\/11\/cropped-FAV_ICON.png\",\"width\":500,\"height\":500,\"caption\":\"Restaurante Rei das Praias\"},\"image\":{\"@id\":\"https:\/\/restaurantereidaspraias.com\/#\/schema\/logo\/image\/\"}}]}<\/script>\n<!-- \/ Yoast SEO plugin. -->","yoast_head_json":{"title":"Group Menu - Rei das Praias Restaurant","description":"Lunches and Dinners - Groups","robots":{"index":"index","follow":"follow","max-snippet":"max-snippet:-1","max-image-preview":"max-image-preview:large","max-video-preview":"max-video-preview:-1"},"canonical":"https:\/\/restaurantereidaspraias.com\/en\/group-menu\/","og_locale":"en_GB","og_type":"article","og_title":"Ementa de Grupos - Restaurante Rei das Praias","og_description":"Almo\u00e7os e Jantares - Grupos","og_url":"https:\/\/restaurantereidaspraias.com\/en\/group-menu\/","og_site_name":"Restaurante Rei das Praias","article_modified_time":"2025-02-04T15:34:27+00:00","twitter_card":"summary_large_image","twitter_misc":{"Estimated reading time":"1 minute"},"schema":{"@context":"https:\/\/schema.org","@graph":[{"@type":"WebPage","@id":"https:\/\/restaurantereidaspraias.com\/ementa-de-grupos\/","url":"https:\/\/restaurantereidaspraias.com\/ementa-de-grupos\/","name":"Group Menu - Rei das Praias Restaurant","isPartOf":{"@id":"https:\/\/restaurantereidaspraias.com\/#website"},"datePublished":"2024-12-04T15:26:56+00:00","dateModified":"2025-02-04T15:34:27+00:00","description":"Lunches and Dinners - Groups","breadcrumb":{"@id":"https:\/\/restaurantereidaspraias.com\/ementa-de-grupos\/#breadcrumb"},"inLanguage":"en-GB","potentialAction":[{"@type":"ReadAction","target":["https:\/\/restaurantereidaspraias.com\/ementa-de-grupos\/"]}]},{"@type":"BreadcrumbList","@id":"https:\/\/restaurantereidaspraias.com\/ementa-de-grupos\/#breadcrumb","itemListElement":[{"@type":"ListItem","position":1,"name":"In\u00edcio","item":"https:\/\/restaurantereidaspraias.com\/"},{"@type":"ListItem","position":2,"name":"Ementa de Grupos"}]},{"@type":"WebSite","@id":"https:\/\/restaurantereidaspraias.com\/#website","url":"https:\/\/restaurantereidaspraias.com\/","name":"Rei das Praias Restaurant","description":"","publisher":{"@id":"https:\/\/restaurantereidaspraias.com\/#organization"},"potentialAction":[{"@type":"SearchAction","target":{"@type":"EntryPoint","urlTemplate":"https:\/\/restaurantereidaspraias.com\/?s={search_term_string}"},"query-input":{"@type":"PropertyValueSpecification","valueRequired":true,"valueName":"search_term_string"}}],"inLanguage":"en-GB"},{"@type":"Organization","@id":"https:\/\/restaurantereidaspraias.com\/#organization","name":"Rei das Praias Restaurant","url":"https:\/\/restaurantereidaspraias.com\/","logo":{"@type":"ImageObject","inLanguage":"en-GB","@id":"https:\/\/restaurantereidaspraias.com\/#\/schema\/logo\/image\/","url":"https:\/\/restaurantereidaspraias.com\/wp-content\/uploads\/2024\/11\/cropped-FAV_ICON.png","contentUrl":"https:\/\/restaurantereidaspraias.com\/wp-content\/uploads\/2024\/11\/cropped-FAV_ICON.png","width":500,"height":500,"caption":"Restaurante Rei das Praias"},"image":{"@id":"https:\/\/restaurantereidaspraias.com\/#\/schema\/logo\/image\/"}}]}},"_links":{"self":[{"href":"https:\/\/restaurantereidaspraias.com\/en\/wp-json\/wp\/v2\/pages\/1980","targetHints":{"allow":["GET"]}}],"collection":[{"href":"https:\/\/restaurantereidaspraias.com\/en\/wp-json\/wp\/v2\/pages"}],"about":[{"href":"https:\/\/restaurantereidaspraias.com\/en\/wp-json\/wp\/v2\/types\/page"}],"author":[{"embeddable":true,"href":"https:\/\/restaurantereidaspraias.com\/en\/wp-json\/wp\/v2\/users\/1"}],"replies":[{"embeddable":true,"href":"https:\/\/restaurantereidaspraias.com\/en\/wp-json\/wp\/v2\/comments?post=1980"}],"version-history":[{"count":54,"href":"https:\/\/restaurantereidaspraias.com\/en\/wp-json\/wp\/v2\/pages\/1980\/revisions"}],"predecessor-version":[{"id":2990,"href":"https:\/\/restaurantereidaspraias.com\/en\/wp-json\/wp\/v2\/pages\/1980\/revisions\/2990"}],"wp:attachment":[{"href":"https:\/\/restaurantereidaspraias.com\/en\/wp-json\/wp\/v2\/media?parent=1980"}],"curies":[{"name":"wp","href":"https:\/\/api.w.org\/{rel}","templated":true}]}}