{"id":1474,"date":"2024-11-27T15:31:25","date_gmt":"2024-11-27T15:31:25","guid":{"rendered":"https:\/\/demo.restaurantereidaspraias.com\/?page_id=1474"},"modified":"2025-02-04T15:58:20","modified_gmt":"2025-02-04T15:58:20","slug":"rooftop","status":"publish","type":"page","link":"https:\/\/restaurantereidaspraias.com\/en\/rooftop\/","title":{"rendered":"Rooftop Restaurant \/ Bar"},"content":{"rendered":"<div data-elementor-type=\"wp-page\" data-elementor-id=\"1474\" class=\"elementor elementor-1474\">\n\t\t\t\t\t\t<section class=\"elementor-section elementor-top-section elementor-element elementor-element-b06ee82 elementor-section-full_width elementor-section-height-min-height elementor-section-items-stretch elementor-reverse-mobile elementor-section-height-default\" data-id=\"b06ee82\" data-element_type=\"section\" data-settings=\"{&quot;background_background&quot;:&quot;classic&quot;}\">\n\t\t\t\t\t\t<div class=\"elementor-container elementor-column-gap-no\">\n\t\t\t\t\t<div class=\"elementor-column elementor-col-50 elementor-top-column elementor-element elementor-element-452b45bc\" data-id=\"452b45bc\" data-element_type=\"column\">\n\t\t\t<div class=\"elementor-widget-wrap elementor-element-populated\">\n\t\t\t\t\t\t<div class=\"elementor-element elementor-element-6454ff3f pt-animation-medium-offset elementor-invisible elementor-widget elementor-widget-pt_title\" data-id=\"6454ff3f\" data-element_type=\"widget\" data-settings=\"{&quot;_animation&quot;:&quot;fadeInUp&quot;,&quot;_animation_delay&quot;:100}\" data-widget_type=\"pt_title.default\">\n\t\t\t\t<div class=\"elementor-widget-container\">\n\t\t\t\t\t\n        <div class=\"pt-title-wrap\">\t            <div class=\"pt-subtitle-wrap\"><span class=\"pt-subtitle color-secondary\">Restaurant \/ Bar<\/span><\/div>\t            <h3 class=\"pt-title\">\n\t                Rooftop\t            <\/h3>\t            <div class=\"pt-title-text\">\n\t                <p>Relaxed, elegant and sophisticated, this is the atmosphere at the Rooftop Restaurant \/ Bar dos Caneiros, where you can enjoy our cocktails in a tranquil setting.<\/p>\t            <\/div>        <\/div>\t\t\t\t<\/div>\n\t\t\t\t<\/div>\n\t\t\t\t\t<\/div>\n\t\t<\/div>\n\t\t\t\t<div class=\"elementor-column elementor-col-50 elementor-top-column elementor-element elementor-element-3a799d3b\" data-id=\"3a799d3b\" data-element_type=\"column\" data-settings=\"{&quot;background_background&quot;:&quot;classic&quot;}\">\n\t\t\t<div class=\"elementor-widget-wrap elementor-element-populated\">\n\t\t\t\t\t\t<div class=\"elementor-element elementor-element-710265d1 elementor-widget elementor-widget-spacer\" data-id=\"710265d1\" data-element_type=\"widget\" data-widget_type=\"spacer.default\">\n\t\t\t\t<div class=\"elementor-widget-container\">\n\t\t\t\t\t\t\t<div class=\"elementor-spacer\">\n\t\t\t<div class=\"elementor-spacer-inner\"><\/div>\n\t\t<\/div>\n\t\t\t\t\t\t<\/div>\n\t\t\t\t<\/div>\n\t\t\t\t\t<\/div>\n\t\t<\/div>\n\t\t\t\t\t<\/div>\n\t\t<\/section>\n\t\t\t\t<section class=\"elementor-section elementor-top-section elementor-element elementor-element-49ee663e elementor-section-full_width elementor-section-height-min-height elementor-section-items-stretch elementor-section-height-default\" data-id=\"49ee663e\" data-element_type=\"section\" data-settings=\"{&quot;background_background&quot;:&quot;classic&quot;}\">\n\t\t\t\t\t\t<div class=\"elementor-container elementor-column-gap-no\">\n\t\t\t\t\t<div class=\"elementor-column elementor-col-50 elementor-top-column elementor-element elementor-element-13c85622\" data-id=\"13c85622\" data-element_type=\"column\" data-settings=\"{&quot;background_background&quot;:&quot;classic&quot;}\">\n\t\t\t<div class=\"elementor-widget-wrap elementor-element-populated\">\n\t\t\t\t\t\t<div class=\"elementor-element elementor-element-19535c80 elementor-widget elementor-widget-spacer\" data-id=\"19535c80\" data-element_type=\"widget\" data-widget_type=\"spacer.default\">\n\t\t\t\t<div class=\"elementor-widget-container\">\n\t\t\t\t\t\t\t<div class=\"elementor-spacer\">\n\t\t\t<div class=\"elementor-spacer-inner\"><\/div>\n\t\t<\/div>\n\t\t\t\t\t\t<\/div>\n\t\t\t\t<\/div>\n\t\t\t\t\t<\/div>\n\t\t<\/div>\n\t\t\t\t<div class=\"elementor-column elementor-col-50 elementor-top-column elementor-element elementor-element-367ed6be\" data-id=\"367ed6be\" data-element_type=\"column\">\n\t\t\t<div class=\"elementor-widget-wrap elementor-element-populated\">\n\t\t\t\t\t\t<div class=\"elementor-element elementor-element-a64d228 elementor-widget elementor-widget-pt_title\" data-id=\"a64d228\" data-element_type=\"widget\" data-widget_type=\"pt_title.default\">\n\t\t\t\t<div class=\"elementor-widget-container\">\n\t\t\t\t\t\n        <div class=\"pt-title-wrap\">\t            <div class=\"pt-subtitle-wrap\"><span class=\"pt-subtitle color-secondary\">contacts<\/span><\/div>\t            <h4 class=\"pt-title\">\n\t                Contact us\t            <\/h4>\t            <div class=\"pt-title-text\">\n\t                <p>Want to know more about our services? We're here for you!<\/p>\t            <\/div>        <\/div>\t\t\t\t<\/div>\n\t\t\t\t<\/div>\n\t\t\t\t<div class=\"elementor-element elementor-element-d9d5113 elementor-widget elementor-widget-pt_form_cf7\" data-id=\"d9d5113\" data-element_type=\"widget\" data-widget_type=\"pt_form_cf7.default\">\n\t\t\t\t<div class=\"elementor-widget-container\">\n\t\t\t\t\t            <div class=\"pt-form-cf7 placeholder-normal\">\n                <div class=\"pt-form-cf7-wrap\">\n<div class=\"wpcf7 no-js\" id=\"wpcf7-f17-o1\" lang=\"pt-PT\" dir=\"ltr\" data-wpcf7-id=\"17\">\n<div class=\"screen-reader-response\"><p role=\"status\" aria-live=\"polite\" aria-atomic=\"true\"><\/p> <ul><\/ul><\/div>\n<form action=\"\/en\/wp-json\/wp\/v2\/pages\/1474#wpcf7-f17-o1\" method=\"post\" class=\"wpcf7-form init\" aria-label=\"Contact form\" novalidate=\"novalidate\" data-status=\"init\" data-trp-original-action=\"\/en\/wp-json\/wp\/v2\/pages\/1474#wpcf7-f17-o1\">\n<fieldset class=\"hidden-fields-container\"><input type=\"hidden\" name=\"_wpcf7\" value=\"17\" \/><input type=\"hidden\" name=\"_wpcf7_version\" value=\"6.1.3\" \/><input type=\"hidden\" name=\"_wpcf7_locale\" value=\"pt_PT\" \/><input type=\"hidden\" name=\"_wpcf7_unit_tag\" value=\"wpcf7-f17-o1\" \/><input type=\"hidden\" name=\"_wpcf7_container_post\" value=\"0\" \/><input type=\"hidden\" name=\"_wpcf7_posted_data_hash\" value=\"\" \/><input type=\"hidden\" name=\"_uacf7_hidden_conditional_fields\" value=\"\" \/><input type=\"hidden\" name=\"_wpcf7_recaptcha_response\" value=\"\" \/>\n<\/fieldset>\n<div class=\"uacf7-form-wrapper-container uacf7-form-17\"><label> Name\n    <span class=\"wpcf7-form-control-wrap\" data-name=\"your-name\"><input size=\"40\" maxlength=\"400\" class=\"wpcf7-form-control wpcf7-text wpcf7-validates-as-required\" autocomplete=\"name\" aria-required=\"true\" aria-invalid=\"false\" value=\"\" type=\"text\" name=\"your-name\" \/><\/span> <\/label>\n\n<label> Email\n    <span class=\"wpcf7-form-control-wrap\" data-name=\"your-email\"><input size=\"40\" maxlength=\"400\" class=\"wpcf7-form-control wpcf7-email wpcf7-validates-as-required wpcf7-text wpcf7-validates-as-email\" autocomplete=\"email\" aria-required=\"true\" aria-invalid=\"false\" value=\"\" type=\"email\" name=\"your-email\" \/><\/span> <\/label>\n\n<label>Telephone\n<span class=\"wpcf7-form-control-wrap intl_tel-309\"><input class=\"wpcf7-form-control wpcf7-intl_tel wpcf7-intl-tel\" aria-invalid=\"false\" data-initialcountry=\"pt\" value=\"\" type=\"tel\" name=\"intl_tel-309-cf7it-national\" \/><input name=\"intl_tel-309\" type=\"hidden\" class=\"wpcf7-intl-tel-full\" \/><input type=\"hidden\" name=\"intl_tel-309-cf7it-country-name\" class=\"wpcf7-intl-tel-country-name\" \/><input type=\"hidden\" name=\"intl_tel-309-cf7it-country-code\" class=\"wpcf7-intl-tel-country-code\" \/><input type=\"hidden\" name=\"intl_tel-309-cf7it-country-iso2\" class=\"wpcf7-intl-tel-country-iso2\" \/><\/span><\/label>\n\n<label> Subject\n    <span class=\"wpcf7-form-control-wrap\" data-name=\"your-subject\"><input size=\"40\" maxlength=\"400\" class=\"wpcf7-form-control wpcf7-text wpcf7-validates-as-required\" aria-required=\"true\" aria-invalid=\"false\" value=\"\" type=\"text\" name=\"your-subject\" \/><\/span> <\/label>\n\n<label> Message\n    <span class=\"wpcf7-form-control-wrap\" data-name=\"your-message\"><textarea cols=\"40\" rows=\"10\" maxlength=\"2000\" class=\"wpcf7-form-control wpcf7-textarea\" aria-invalid=\"false\" name=\"your-message\"><\/textarea><\/span> <\/label>\n\n<!-- Mailchimp for WordPress v4.12.1 - https:\/\/www.mc4wp.com\/ --><input type=\"hidden\" name=\"_mc4wp_subscribe_contact-form-7\" value=\"0\" \/><span class=\"mc4wp-checkbox mc4wp-checkbox-contact-form-7\"><label><input type=\"checkbox\" name=\"_mc4wp_subscribe_contact-form-7\" value=\"1\" ><span> I authorise the use of my e-mail address to receive information and offers related to Rei das Praias Restaurant, in accordance with the Privacy Policy.<\/span><\/label><\/span><!-- \/ Mailchimp for WordPress -->\n\n<input class=\"wpcf7-form-control wpcf7-submit has-spinner\" type=\"submit\" value=\"Send\" \/><\/div><div class=\"wpcf7-response-output\" aria-hidden=\"true\"><\/div>\n<input type=\"hidden\" name=\"trp-form-language\" value=\"en\"\/><\/form>\n<\/div>\n<\/div>\n            <\/div>\t\t\t\t<\/div>\n\t\t\t\t<\/div>\n\t\t\t\t\t<\/div>\n\t\t<\/div>\n\t\t\t\t\t<\/div>\n\t\t<\/section>\n\t\t<div class=\"elementor-element elementor-element-169fa e-con-full e-flex e-con e-parent\" data-id=\"169fa\" data-element_type=\"container\">\n\t\t\t\t<div class=\"elementor-element elementor-element-d1cee64 elementor-widget elementor-widget-image\" data-id=\"d1cee64\" data-element_type=\"widget\" data-widget_type=\"image.default\">\n\t\t\t\t<div class=\"elementor-widget-container\">\n\t\t\t\t\t\t\t\t\t\t\t\t\t\t\t\t<a href=\"https:\/\/fishcollection.store\" target=\"_blank\">\n\t\t\t\t\t\t\t<img fetchpriority=\"high\" decoding=\"async\" width=\"1024\" height=\"436\" src=\"https:\/\/restaurantereidaspraias.com\/wp-content\/uploads\/2024\/11\/FishCollection_Banner_Final-1024x436.jpg\" class=\"attachment-large size-large wp-image-1461\" alt=\"\" srcset=\"https:\/\/restaurantereidaspraias.com\/wp-content\/uploads\/2024\/11\/FishCollection_Banner_Final-1024x436.jpg 1024w, https:\/\/restaurantereidaspraias.com\/wp-content\/uploads\/2024\/11\/FishCollection_Banner_Final-300x128.jpg 300w, https:\/\/restaurantereidaspraias.com\/wp-content\/uploads\/2024\/11\/FishCollection_Banner_Final-768x327.jpg 768w, https:\/\/restaurantereidaspraias.com\/wp-content\/uploads\/2024\/11\/FishCollection_Banner_Final-1536x654.jpg 1536w, https:\/\/restaurantereidaspraias.com\/wp-content\/uploads\/2024\/11\/FishCollection_Banner_Final-2048x873.jpg 2048w, https:\/\/restaurantereidaspraias.com\/wp-content\/uploads\/2024\/11\/FishCollection_Banner_Final-18x8.jpg 18w, https:\/\/restaurantereidaspraias.com\/wp-content\/uploads\/2024\/11\/FishCollection_Banner_Final-1920x818.jpg 1920w, https:\/\/restaurantereidaspraias.com\/wp-content\/uploads\/2024\/11\/FishCollection_Banner_Final-1440x614.jpg 1440w, https:\/\/restaurantereidaspraias.com\/wp-content\/uploads\/2024\/11\/FishCollection_Banner_Final-1200x511.jpg 1200w, https:\/\/restaurantereidaspraias.com\/wp-content\/uploads\/2024\/11\/FishCollection_Banner_Final-780x332.jpg 780w, https:\/\/restaurantereidaspraias.com\/wp-content\/uploads\/2024\/11\/FishCollection_Banner_Final-600x256.jpg 600w, https:\/\/restaurantereidaspraias.com\/wp-content\/uploads\/2024\/11\/FishCollection_Banner_Final-550x234.jpg 550w, https:\/\/restaurantereidaspraias.com\/wp-content\/uploads\/2024\/11\/FishCollection_Banner_Final-370x158.jpg 370w, https:\/\/restaurantereidaspraias.com\/wp-content\/uploads\/2024\/11\/FishCollection_Banner_Final-255x109.jpg 255w, https:\/\/restaurantereidaspraias.com\/wp-content\/uploads\/2024\/11\/FishCollection_Banner_Final-150x64.jpg 150w\" sizes=\"(max-width: 1024px) 100vw, 1024px\" \/>\t\t\t\t\t\t\t\t<\/a>\n\t\t\t\t\t\t\t\t\t\t\t\t\t\t\t<\/div>\n\t\t\t\t<\/div>\n\t\t\t\t<\/div>\n\t\t\t\t<\/div>","protected":false},"excerpt":{"rendered":"<p>Restaurante \/ Bar Rooftop Descontra\u00eddo, elegante e sofisticado, \u00e9 assim o ambiente que se vive no Rooftop Restaurante \/ Bar dos Caneiros, onde poder\u00e1 desfrutar dos nossos cocktails num cen\u00e1rio tranquilo. contactos Fale Connosco Quer saber mais sobre nossos servi\u00e7os? Estamos \u00e0 disposi\u00e7\u00e3o! Nome Email Telefone Assunto Mensagem Autorizo o uso do meu e-mail para &#8230;<\/p>","protected":false},"author":1,"featured_media":0,"parent":0,"menu_order":0,"comment_status":"closed","ping_status":"closed","template":"template-wide-content.php","meta":{"_themeisle_gutenberg_block_has_review":false,"patiotime_single_page_hide_site_header":"","patiotime_single_page_site_header_source":"","patiotime_single_page_custom_site_header":"0","patiotime_single_page_custom_sticky_site_header":"0","patiotime_single_page_custom_page_title_margin_top_source":"","patiotime_single_page_custom_page_title_desktop_margin_top":"","patiotime_single_page_custom_page_title_tablet_margin_top":"","patiotime_single_page_custom_page_title_mobile_margin_top":"","patiotime_single_page_hide_page_title":"","patiotime_single_page_header_section_size":"","patiotime_single_page_header_background_color":"","patiotime_single_page_header_background_position_x":"center","patiotime_single_page_header_background_position_y":"center","patiotime_single_page_header_background_size":"cover","patiotime_single_page_header_background_repeat":"off","patiotime_single_page_header_background_scroll":"on","patiotime_single_page_header_text_color":"","patiotime_single_page_header_show_breadcrumb":"","patiotime_single_page_site_footer_hide_main":"","patiotime_single_custom_site_footer_main_source":"","patiotime_single_custom_site_footer_main":"0","patiotime_single_page_site_footer_hide_above":"","patiotime_single_custom_site_footer_above_source":"","patiotime_single_custom_site_footer_above":"0","patiotime_single_page_site_footer_hide_instagram":"","patiotime_single_page_site_footer_hide_bottom":"","patiotime_single_custom_mobile_menu_source":"","patiotime_single_custom_mobile_menu":"0","patiotime_single_custom_mobile_menu_animation":"","patiotime_single_custom_mobile_menu_width":"","patiotime_single_custom_mobile_menu_custom_width":375,"footnotes":""},"class_list":["post-1474","page","type-page","status-publish","hentry"],"yoast_head":"<!-- This site is optimized with the Yoast SEO plugin v26.4 - https:\/\/yoast.com\/wordpress\/plugins\/seo\/ -->\n<title>Rooftop Restaurante \/ Bar - Restaurante Rei das Praias<\/title>\n<meta name=\"description\" content=\"Descontra\u00eddo, elegante e sofisticado, \u00e9 assim o ambiente que se vive no Rooftop Restaurante \/ Bar dos Caneiros, onde poder\u00e1 desfrutar dos nossos cocktails num cen\u00e1rio tranquilo.\" \/>\n<meta name=\"robots\" content=\"index, follow, max-snippet:-1, max-image-preview:large, max-video-preview:-1\" \/>\n<link rel=\"canonical\" href=\"https:\/\/restaurantereidaspraias.com\/en\/rooftop\/\" \/>\n<meta property=\"og:locale\" content=\"en_GB\" \/>\n<meta property=\"og:type\" content=\"article\" \/>\n<meta property=\"og:title\" content=\"Rooftop Restaurante \/ Bar - Restaurante Rei das Praias\" \/>\n<meta property=\"og:description\" content=\"Descontra\u00eddo, elegante e sofisticado, \u00e9 assim o ambiente que se vive no Rooftop Restaurante \/ Bar dos Caneiros, onde poder\u00e1 desfrutar dos nossos cocktails num cen\u00e1rio tranquilo.\" \/>\n<meta property=\"og:url\" content=\"https:\/\/restaurantereidaspraias.com\/en\/rooftop\/\" \/>\n<meta property=\"og:site_name\" content=\"Restaurante Rei das Praias\" \/>\n<meta property=\"article:modified_time\" content=\"2025-02-04T15:58:20+00:00\" \/>\n<meta property=\"og:image\" content=\"https:\/\/restaurantereidaspraias.com\/wp-content\/uploads\/2024\/11\/FishCollection_Banner_Final-scaled.jpg\" \/>\n\t<meta property=\"og:image:width\" content=\"2560\" \/>\n\t<meta property=\"og:image:height\" content=\"1091\" \/>\n\t<meta property=\"og:image:type\" content=\"image\/jpeg\" \/>\n<meta name=\"twitter:card\" content=\"summary_large_image\" \/>\n<meta name=\"twitter:label1\" content=\"Estimated reading time\" \/>\n\t<meta name=\"twitter:data1\" content=\"1 minute\" \/>\n<script type=\"application\/ld+json\" class=\"yoast-schema-graph\">{\"@context\":\"https:\/\/schema.org\",\"@graph\":[{\"@type\":\"WebPage\",\"@id\":\"https:\/\/restaurantereidaspraias.com\/rooftop\/\",\"url\":\"https:\/\/restaurantereidaspraias.com\/rooftop\/\",\"name\":\"Rooftop Restaurante \/ Bar - Restaurante Rei das Praias\",\"isPartOf\":{\"@id\":\"https:\/\/restaurantereidaspraias.com\/#website\"},\"primaryImageOfPage\":{\"@id\":\"https:\/\/restaurantereidaspraias.com\/rooftop\/#primaryimage\"},\"image\":{\"@id\":\"https:\/\/restaurantereidaspraias.com\/rooftop\/#primaryimage\"},\"thumbnailUrl\":\"https:\/\/restaurantereidaspraias.com\/wp-content\/uploads\/2024\/11\/FishCollection_Banner_Final-1024x436.jpg\",\"datePublished\":\"2024-11-27T15:31:25+00:00\",\"dateModified\":\"2025-02-04T15:58:20+00:00\",\"description\":\"Descontra\u00eddo, elegante e sofisticado, \u00e9 assim o ambiente que se vive no Rooftop Restaurante \/ Bar dos Caneiros, onde poder\u00e1 desfrutar dos nossos cocktails num cen\u00e1rio tranquilo.\",\"breadcrumb\":{\"@id\":\"https:\/\/restaurantereidaspraias.com\/rooftop\/#breadcrumb\"},\"inLanguage\":\"en-GB\",\"potentialAction\":[{\"@type\":\"ReadAction\",\"target\":[\"https:\/\/restaurantereidaspraias.com\/rooftop\/\"]}]},{\"@type\":\"ImageObject\",\"inLanguage\":\"en-GB\",\"@id\":\"https:\/\/restaurantereidaspraias.com\/rooftop\/#primaryimage\",\"url\":\"https:\/\/restaurantereidaspraias.com\/wp-content\/uploads\/2024\/11\/FishCollection_Banner_Final-1024x436.jpg\",\"contentUrl\":\"https:\/\/restaurantereidaspraias.com\/wp-content\/uploads\/2024\/11\/FishCollection_Banner_Final-1024x436.jpg\"},{\"@type\":\"BreadcrumbList\",\"@id\":\"https:\/\/restaurantereidaspraias.com\/rooftop\/#breadcrumb\",\"itemListElement\":[{\"@type\":\"ListItem\",\"position\":1,\"name\":\"In\u00edcio\",\"item\":\"https:\/\/restaurantereidaspraias.com\/\"},{\"@type\":\"ListItem\",\"position\":2,\"name\":\"Rooftop Restaurante \/ Bar\"}]},{\"@type\":\"WebSite\",\"@id\":\"https:\/\/restaurantereidaspraias.com\/#website\",\"url\":\"https:\/\/restaurantereidaspraias.com\/\",\"name\":\"Restaurante Rei das Praias\",\"description\":\"\",\"publisher\":{\"@id\":\"https:\/\/restaurantereidaspraias.com\/#organization\"},\"potentialAction\":[{\"@type\":\"SearchAction\",\"target\":{\"@type\":\"EntryPoint\",\"urlTemplate\":\"https:\/\/restaurantereidaspraias.com\/?s={search_term_string}\"},\"query-input\":{\"@type\":\"PropertyValueSpecification\",\"valueRequired\":true,\"valueName\":\"search_term_string\"}}],\"inLanguage\":\"en-GB\"},{\"@type\":\"Organization\",\"@id\":\"https:\/\/restaurantereidaspraias.com\/#organization\",\"name\":\"Restaurante Rei das Praias\",\"url\":\"https:\/\/restaurantereidaspraias.com\/\",\"logo\":{\"@type\":\"ImageObject\",\"inLanguage\":\"en-GB\",\"@id\":\"https:\/\/restaurantereidaspraias.com\/#\/schema\/logo\/image\/\",\"url\":\"https:\/\/restaurantereidaspraias.com\/wp-content\/uploads\/2024\/11\/cropped-FAV_ICON.png\",\"contentUrl\":\"https:\/\/restaurantereidaspraias.com\/wp-content\/uploads\/2024\/11\/cropped-FAV_ICON.png\",\"width\":500,\"height\":500,\"caption\":\"Restaurante Rei das Praias\"},\"image\":{\"@id\":\"https:\/\/restaurantereidaspraias.com\/#\/schema\/logo\/image\/\"}}]}<\/script>\n<!-- \/ Yoast SEO plugin. -->","yoast_head_json":{"title":"Rooftop Restaurant \/ Bar - Rei das Praias Restaurant","description":"Relaxed, elegant and sophisticated, this is the atmosphere at the Rooftop Restaurant \/ Bar dos Caneiros, where you can enjoy our cocktails in a tranquil setting.","robots":{"index":"index","follow":"follow","max-snippet":"max-snippet:-1","max-image-preview":"max-image-preview:large","max-video-preview":"max-video-preview:-1"},"canonical":"https:\/\/restaurantereidaspraias.com\/en\/rooftop\/","og_locale":"en_GB","og_type":"article","og_title":"Rooftop Restaurante \/ Bar - Restaurante Rei das Praias","og_description":"Descontra\u00eddo, elegante e sofisticado, \u00e9 assim o ambiente que se vive no Rooftop Restaurante \/ Bar dos Caneiros, onde poder\u00e1 desfrutar dos nossos cocktails num cen\u00e1rio tranquilo.","og_url":"https:\/\/restaurantereidaspraias.com\/en\/rooftop\/","og_site_name":"Restaurante Rei das Praias","article_modified_time":"2025-02-04T15:58:20+00:00","og_image":[{"width":2560,"height":1091,"url":"https:\/\/restaurantereidaspraias.com\/wp-content\/uploads\/2024\/11\/FishCollection_Banner_Final-scaled.jpg","type":"image\/jpeg"}],"twitter_card":"summary_large_image","twitter_misc":{"Estimated reading time":"1 minute"},"schema":{"@context":"https:\/\/schema.org","@graph":[{"@type":"WebPage","@id":"https:\/\/restaurantereidaspraias.com\/rooftop\/","url":"https:\/\/restaurantereidaspraias.com\/rooftop\/","name":"Rooftop Restaurant \/ Bar - Rei das Praias Restaurant","isPartOf":{"@id":"https:\/\/restaurantereidaspraias.com\/#website"},"primaryImageOfPage":{"@id":"https:\/\/restaurantereidaspraias.com\/rooftop\/#primaryimage"},"image":{"@id":"https:\/\/restaurantereidaspraias.com\/rooftop\/#primaryimage"},"thumbnailUrl":"https:\/\/restaurantereidaspraias.com\/wp-content\/uploads\/2024\/11\/FishCollection_Banner_Final-1024x436.jpg","datePublished":"2024-11-27T15:31:25+00:00","dateModified":"2025-02-04T15:58:20+00:00","description":"Relaxed, elegant and sophisticated, this is the atmosphere at the Rooftop Restaurant \/ Bar dos Caneiros, where you can enjoy our cocktails in a tranquil setting.","breadcrumb":{"@id":"https:\/\/restaurantereidaspraias.com\/rooftop\/#breadcrumb"},"inLanguage":"en-GB","potentialAction":[{"@type":"ReadAction","target":["https:\/\/restaurantereidaspraias.com\/rooftop\/"]}]},{"@type":"ImageObject","inLanguage":"en-GB","@id":"https:\/\/restaurantereidaspraias.com\/rooftop\/#primaryimage","url":"https:\/\/restaurantereidaspraias.com\/wp-content\/uploads\/2024\/11\/FishCollection_Banner_Final-1024x436.jpg","contentUrl":"https:\/\/restaurantereidaspraias.com\/wp-content\/uploads\/2024\/11\/FishCollection_Banner_Final-1024x436.jpg"},{"@type":"BreadcrumbList","@id":"https:\/\/restaurantereidaspraias.com\/rooftop\/#breadcrumb","itemListElement":[{"@type":"ListItem","position":1,"name":"In\u00edcio","item":"https:\/\/restaurantereidaspraias.com\/"},{"@type":"ListItem","position":2,"name":"Rooftop Restaurante \/ Bar"}]},{"@type":"WebSite","@id":"https:\/\/restaurantereidaspraias.com\/#website","url":"https:\/\/restaurantereidaspraias.com\/","name":"Rei das Praias Restaurant","description":"","publisher":{"@id":"https:\/\/restaurantereidaspraias.com\/#organization"},"potentialAction":[{"@type":"SearchAction","target":{"@type":"EntryPoint","urlTemplate":"https:\/\/restaurantereidaspraias.com\/?s={search_term_string}"},"query-input":{"@type":"PropertyValueSpecification","valueRequired":true,"valueName":"search_term_string"}}],"inLanguage":"en-GB"},{"@type":"Organization","@id":"https:\/\/restaurantereidaspraias.com\/#organization","name":"Rei das Praias Restaurant","url":"https:\/\/restaurantereidaspraias.com\/","logo":{"@type":"ImageObject","inLanguage":"en-GB","@id":"https:\/\/restaurantereidaspraias.com\/#\/schema\/logo\/image\/","url":"https:\/\/restaurantereidaspraias.com\/wp-content\/uploads\/2024\/11\/cropped-FAV_ICON.png","contentUrl":"https:\/\/restaurantereidaspraias.com\/wp-content\/uploads\/2024\/11\/cropped-FAV_ICON.png","width":500,"height":500,"caption":"Restaurante Rei das Praias"},"image":{"@id":"https:\/\/restaurantereidaspraias.com\/#\/schema\/logo\/image\/"}}]}},"_links":{"self":[{"href":"https:\/\/restaurantereidaspraias.com\/en\/wp-json\/wp\/v2\/pages\/1474","targetHints":{"allow":["GET"]}}],"collection":[{"href":"https:\/\/restaurantereidaspraias.com\/en\/wp-json\/wp\/v2\/pages"}],"about":[{"href":"https:\/\/restaurantereidaspraias.com\/en\/wp-json\/wp\/v2\/types\/page"}],"author":[{"embeddable":true,"href":"https:\/\/restaurantereidaspraias.com\/en\/wp-json\/wp\/v2\/users\/1"}],"replies":[{"embeddable":true,"href":"https:\/\/restaurantereidaspraias.com\/en\/wp-json\/wp\/v2\/comments?post=1474"}],"version-history":[{"count":37,"href":"https:\/\/restaurantereidaspraias.com\/en\/wp-json\/wp\/v2\/pages\/1474\/revisions"}],"predecessor-version":[{"id":3011,"href":"https:\/\/restaurantereidaspraias.com\/en\/wp-json\/wp\/v2\/pages\/1474\/revisions\/3011"}],"wp:attachment":[{"href":"https:\/\/restaurantereidaspraias.com\/en\/wp-json\/wp\/v2\/media?parent=1474"}],"curies":[{"name":"wp","href":"https:\/\/api.w.org\/{rel}","templated":true}]}}