{"id":1707,"date":"2024-11-29T15:54:38","date_gmt":"2024-11-29T15:54:38","guid":{"rendered":"https:\/\/demo.restaurantereidaspraias.com\/?page_id=1707"},"modified":"2024-12-18T16:48:53","modified_gmt":"2024-12-18T16:48:53","slug":"datenschutzbestimmungen","status":"publish","type":"page","link":"https:\/\/restaurantereidaspraias.com\/de\/datenschutzbestimmungen\/","title":{"rendered":"Datenschutzbestimmungen"},"content":{"rendered":"<p><\/p>\n\n\n\n<p><\/p>\n\n\n\n<h3 class=\"wp-block-heading\"><strong>Datenschutzbestimmungen<\/strong><\/h3>\n\n\n\n<p>Ihre Privatsph\u00e4re ist uns wichtig. In dieser Datenschutzerkl\u00e4rung wird erl\u00e4utert, wie wir Ihre pers\u00f6nlichen Daten erfassen, verwenden und sch\u00fctzen, wenn Sie unsere Website nutzen. Indem Sie auf unsere Website zugreifen, erkl\u00e4ren Sie sich mit den Bedingungen dieser Richtlinie einverstanden.<\/p>\n\n\n\n<h4 class=\"wp-block-heading\"><strong>1. Daten, die wir sammeln<\/strong><\/h4>\n\n\n\n<p>Wir k\u00f6nnen die folgenden Arten von Informationen sammeln:<\/p>\n\n\n\n<ul class=\"wp-block-list\">\n<li>Vom Nutzer angegebene pers\u00f6nliche Daten (Name, E-Mail, Telefonnummer, Adresse).<\/li>\n\n\n\n<li>Technische Daten (IP-Adresse, Ger\u00e4tetyp, Browser).<\/li>\n\n\n\n<li>Informationen \u00fcber die Nutzung der Website (besuchte Seiten, Verweildauer auf der Website).<\/li>\n<\/ul>\n\n\n\n<h4 class=\"wp-block-heading\"><strong>2. Zweck der Sammlung<\/strong><\/h4>\n\n\n\n<p>Die gesammelten Daten werden f\u00fcr folgende Zwecke verwendet:<\/p>\n\n\n\n<ul class=\"wp-block-list\">\n<li>Versenden von Mitteilungen, wie z. B. Newslettern und Werbeaktionen.<\/li>\n\n\n\n<li>Um den Betrieb und die Sicherheit unserer Website zu verbessern.<\/li>\n\n\n\n<li>Einhaltung der gesetzlichen und beh\u00f6rdlichen Vorschriften.<\/li>\n<\/ul>\n\n\n\n<h4 class=\"wp-block-heading\"><strong>3. Benutzerrechte<\/strong><\/h4>\n\n\n\n<p>Als Nutzer haben Sie das Recht auf:<\/p>\n\n\n\n<ul class=\"wp-block-list\">\n<li>Zugang zu Ihren personenbezogenen Daten zu erhalten, sie zu korrigieren oder zu l\u00f6schen.<\/li>\n\n\n\n<li>Gegebenenfalls die Zustimmung zur Verwendung der Daten zu widerrufen.<\/li>\n\n\n\n<li>die Weitergabe Ihrer Daten an eine andere Organisation beantragen.<\/li>\n<\/ul>\n\n\n\n<p>Um Ihre Rechte geltend zu machen, wenden Sie sich bitte per E-Mail an uns: <a href=\"mailto:info@restaurantereidaspraias.com\">info@restaurantereidaspraias.com<\/a>.<\/p>\n\n\n\n<h4 class=\"wp-block-heading\"><strong>4. Datensicherheit<\/strong><\/h4>\n\n\n\n<p>Wir setzen technische und organisatorische Ma\u00dfnahmen ein, um Ihre Daten vor unberechtigtem Zugriff, Verlust oder unzul\u00e4ssiger Offenlegung zu sch\u00fctzen.<\/p>\n\n\n\n<h4 class=\"wp-block-heading\"><strong>5. \u00c4nderungen an dieser Politik<\/strong><\/h4>\n\n\n\n<p>Wir behalten uns das Recht vor, diese Datenschutzrichtlinie zu aktualisieren. \u00c4nderungen werden auf dieser Website ver\u00f6ffentlicht.<\/p>\n\n\n\n<hr class=\"wp-block-separator has-alpha-channel-opacity\"\/>\n\n\n\n<h3 class=\"wp-block-heading\"><strong>Cookie-Richtlinie<\/strong><\/h3>\n\n\n\n<p>Diese Website verwendet Cookies, um Ihre Erfahrung zu verbessern und das reibungslose Funktionieren unserer Plattform zu gew\u00e4hrleisten.<\/p>\n\n\n\n<h4 class=\"wp-block-heading\"><strong>1. Was sind Cookies?<\/strong><\/h4>\n\n\n\n<p>Cookies sind kleine Textdateien, die auf Ihrem Ger\u00e4t gespeichert werden, wenn Sie unsere Website besuchen. Sie helfen uns, Ihr Ger\u00e4t zu erkennen und Ihre Browsereinstellungen zu speichern.<\/p>\n\n\n\n<h4 class=\"wp-block-heading\"><strong>2. Arten von Cookies, die wir verwenden<\/strong><\/h4>\n\n\n\n<ul class=\"wp-block-list\">\n<li><strong>Unverzichtbare Cookies<\/strong>Erforderlich f\u00fcr den grundlegenden Betrieb der Website.<\/li>\n\n\n\n<li><strong>Leistung Cookies<\/strong>Sie sammeln Informationen dar\u00fcber, wie Sie die Website nutzen (z. B. die meistbesuchten Seiten).<\/li>\n\n\n\n<li><strong>Funktionalit\u00e4t Cookies<\/strong>Speichern Sie Pr\u00e4ferenzen, wie Sprache oder Lokalisierung.<\/li>\n\n\n\n<li><strong>Werbung Cookies<\/strong>Dient zur Anzeige personalisierter Werbung.<\/li>\n<\/ul>\n\n\n\n<h4 class=\"wp-block-heading\"><strong>3. Cookie-Verwaltung<\/strong><\/h4>\n\n\n\n<p>Sie k\u00f6nnen Ihren Browser so konfigurieren, dass er Cookies akzeptiert, ablehnt oder l\u00f6scht. Durch die Deaktivierung einiger Cookies k\u00f6nnen jedoch bestimmte Funktionen der Website eingeschr\u00e4nkt sein.<\/p>\n\n\n\n<h4 class=\"wp-block-heading\"><strong>4. Zustimmung<\/strong><\/h4>\n\n\n\n<p>Wenn Sie auf unserer Website weitersurfen, stimmen Sie der Verwendung von Cookies wie in dieser Richtlinie beschrieben zu.<\/p>\n\n\n\n<h4 class=\"wp-block-heading\"><strong>5. \u00c4nderungen der Cookie-Richtlinie<\/strong><\/h4>\n\n\n\n<p>Wir k\u00f6nnen diese Richtlinie jederzeit aktualisieren. Wir empfehlen Ihnen, diese Seite regelm\u00e4\u00dfig zu \u00fcberpr\u00fcfen.<\/p>\n\n\n\n<p>Wenn Sie Fragen haben, wenden Sie sich bitte per E-Mail an uns: info@restaurantereidaspraias.com.<\/p>\n\n\n\n<p><\/p>","protected":false},"excerpt":{"rendered":"<p>Datenschutzpolitik Ihre Privatsph\u00e4re ist uns wichtig. In dieser Datenschutzerkl\u00e4rung wird erl\u00e4utert, wie wir Ihre pers\u00f6nlichen Daten erfassen, verwenden und sch\u00fctzen, wenn Sie unsere Website nutzen. Indem Sie auf unsere Website zugreifen, erkl\u00e4ren Sie sich mit den Bedingungen dieser Richtlinie einverstanden. 1 Von uns erfasste Daten Wir k\u00f6nnen die folgenden Arten von Informationen erfassen: 2 Zweck der Erfassung ...<\/p>","protected":false},"author":1,"featured_media":0,"parent":0,"menu_order":0,"comment_status":"closed","ping_status":"closed","template":"template-wide-content.php","meta":{"_themeisle_gutenberg_block_has_review":false,"patiotime_single_page_hide_site_header":"","patiotime_single_page_site_header_source":"","patiotime_single_page_custom_site_header":"0","patiotime_single_page_custom_sticky_site_header":"0","patiotime_single_page_custom_page_title_margin_top_source":"","patiotime_single_page_custom_page_title_desktop_margin_top":"","patiotime_single_page_custom_page_title_tablet_margin_top":"","patiotime_single_page_custom_page_title_mobile_margin_top":"","patiotime_single_page_hide_page_title":"","patiotime_single_page_header_section_size":"","patiotime_single_page_header_background_color":"","patiotime_single_page_header_background_position_x":"center","patiotime_single_page_header_background_position_y":"center","patiotime_single_page_header_background_size":"cover","patiotime_single_page_header_background_repeat":"off","patiotime_single_page_header_background_scroll":"on","patiotime_single_page_header_text_color":"","patiotime_single_page_header_show_breadcrumb":"","patiotime_single_page_site_footer_hide_main":"","patiotime_single_custom_site_footer_main_source":"","patiotime_single_custom_site_footer_main":"0","patiotime_single_page_site_footer_hide_above":"","patiotime_single_custom_site_footer_above_source":"","patiotime_single_custom_site_footer_above":"0","patiotime_single_page_site_footer_hide_instagram":"","patiotime_single_page_site_footer_hide_bottom":"","patiotime_single_custom_mobile_menu_source":"","patiotime_single_custom_mobile_menu":"0","patiotime_single_custom_mobile_menu_animation":"","patiotime_single_custom_mobile_menu_width":"","patiotime_single_custom_mobile_menu_custom_width":375,"footnotes":""},"class_list":["post-1707","page","type-page","status-publish","hentry"],"yoast_head":"<!-- This site is optimized with the Yoast SEO plugin v26.4 - https:\/\/yoast.com\/wordpress\/plugins\/seo\/ -->\n<title>Pol\u00edtica de Privacidade - Restaurante Rei das Praias<\/title>\n<meta name=\"robots\" content=\"index, follow, max-snippet:-1, max-image-preview:large, max-video-preview:-1\" \/>\n<link rel=\"canonical\" href=\"https:\/\/restaurantereidaspraias.com\/de\/datenschutzbestimmungen\/\" \/>\n<meta property=\"og:locale\" content=\"de_DE\" \/>\n<meta property=\"og:type\" content=\"article\" \/>\n<meta property=\"og:title\" content=\"Pol\u00edtica de Privacidade - Restaurante Rei das Praias\" \/>\n<meta property=\"og:description\" content=\"Pol\u00edtica de Privacidade A sua privacidade \u00e9 importante para n\u00f3s. Esta Pol\u00edtica de Privacidade explica como recolhemos, usamos e protegemos os seus dados pessoais ao utilizar o nosso website. Ao aceder ao nosso site, concorda com os termos desta pol\u00edtica. 1. Dados que Recolhemos Podemos recolher os seguintes tipos de informa\u00e7\u00f5es: 2. Finalidade da Recolha ...\" \/>\n<meta property=\"og:url\" content=\"https:\/\/restaurantereidaspraias.com\/de\/datenschutzbestimmungen\/\" \/>\n<meta property=\"og:site_name\" content=\"Restaurante Rei das Praias\" \/>\n<meta property=\"article:modified_time\" content=\"2024-12-18T16:48:53+00:00\" \/>\n<meta name=\"twitter:card\" content=\"summary_large_image\" \/>\n<meta name=\"twitter:label1\" content=\"Gesch\u00e4tzte Lesezeit\" \/>\n\t<meta name=\"twitter:data1\" content=\"3\u00a0Minuten\" \/>\n<script type=\"application\/ld+json\" class=\"yoast-schema-graph\">{\"@context\":\"https:\/\/schema.org\",\"@graph\":[{\"@type\":\"WebPage\",\"@id\":\"https:\/\/restaurantereidaspraias.com\/politica-de-privacidade\/\",\"url\":\"https:\/\/restaurantereidaspraias.com\/politica-de-privacidade\/\",\"name\":\"Pol\u00edtica de Privacidade - Restaurante Rei das Praias\",\"isPartOf\":{\"@id\":\"https:\/\/restaurantereidaspraias.com\/#website\"},\"datePublished\":\"2024-11-29T15:54:38+00:00\",\"dateModified\":\"2024-12-18T16:48:53+00:00\",\"breadcrumb\":{\"@id\":\"https:\/\/restaurantereidaspraias.com\/politica-de-privacidade\/#breadcrumb\"},\"inLanguage\":\"de\",\"potentialAction\":[{\"@type\":\"ReadAction\",\"target\":[\"https:\/\/restaurantereidaspraias.com\/politica-de-privacidade\/\"]}]},{\"@type\":\"BreadcrumbList\",\"@id\":\"https:\/\/restaurantereidaspraias.com\/politica-de-privacidade\/#breadcrumb\",\"itemListElement\":[{\"@type\":\"ListItem\",\"position\":1,\"name\":\"In\u00edcio\",\"item\":\"https:\/\/restaurantereidaspraias.com\/\"},{\"@type\":\"ListItem\",\"position\":2,\"name\":\"Pol\u00edtica de Privacidade\"}]},{\"@type\":\"WebSite\",\"@id\":\"https:\/\/restaurantereidaspraias.com\/#website\",\"url\":\"https:\/\/restaurantereidaspraias.com\/\",\"name\":\"Restaurante Rei das Praias\",\"description\":\"\",\"publisher\":{\"@id\":\"https:\/\/restaurantereidaspraias.com\/#organization\"},\"potentialAction\":[{\"@type\":\"SearchAction\",\"target\":{\"@type\":\"EntryPoint\",\"urlTemplate\":\"https:\/\/restaurantereidaspraias.com\/?s={search_term_string}\"},\"query-input\":{\"@type\":\"PropertyValueSpecification\",\"valueRequired\":true,\"valueName\":\"search_term_string\"}}],\"inLanguage\":\"de\"},{\"@type\":\"Organization\",\"@id\":\"https:\/\/restaurantereidaspraias.com\/#organization\",\"name\":\"Restaurante Rei das Praias\",\"url\":\"https:\/\/restaurantereidaspraias.com\/\",\"logo\":{\"@type\":\"ImageObject\",\"inLanguage\":\"de\",\"@id\":\"https:\/\/restaurantereidaspraias.com\/#\/schema\/logo\/image\/\",\"url\":\"https:\/\/restaurantereidaspraias.com\/wp-content\/uploads\/2024\/11\/cropped-FAV_ICON.png\",\"contentUrl\":\"https:\/\/restaurantereidaspraias.com\/wp-content\/uploads\/2024\/11\/cropped-FAV_ICON.png\",\"width\":500,\"height\":500,\"caption\":\"Restaurante Rei das Praias\"},\"image\":{\"@id\":\"https:\/\/restaurantereidaspraias.com\/#\/schema\/logo\/image\/\"}}]}<\/script>\n<!-- \/ Yoast SEO plugin. -->","yoast_head_json":{"title":"Datenschutzrichtlinie - Rei das Praias Restaurant","robots":{"index":"index","follow":"follow","max-snippet":"max-snippet:-1","max-image-preview":"max-image-preview:large","max-video-preview":"max-video-preview:-1"},"canonical":"https:\/\/restaurantereidaspraias.com\/de\/datenschutzbestimmungen\/","og_locale":"de_DE","og_type":"article","og_title":"Pol\u00edtica de Privacidade - Restaurante Rei das Praias","og_description":"Pol\u00edtica de Privacidade A sua privacidade \u00e9 importante para n\u00f3s. Esta Pol\u00edtica de Privacidade explica como recolhemos, usamos e protegemos os seus dados pessoais ao utilizar o nosso website. Ao aceder ao nosso site, concorda com os termos desta pol\u00edtica. 1. Dados que Recolhemos Podemos recolher os seguintes tipos de informa\u00e7\u00f5es: 2. Finalidade da Recolha ...","og_url":"https:\/\/restaurantereidaspraias.com\/de\/datenschutzbestimmungen\/","og_site_name":"Restaurante Rei das Praias","article_modified_time":"2024-12-18T16:48:53+00:00","twitter_card":"summary_large_image","twitter_misc":{"Gesch\u00e4tzte Lesezeit":"3\u00a0Minuten"},"schema":{"@context":"https:\/\/schema.org","@graph":[{"@type":"WebPage","@id":"https:\/\/restaurantereidaspraias.com\/politica-de-privacidade\/","url":"https:\/\/restaurantereidaspraias.com\/politica-de-privacidade\/","name":"Datenschutzrichtlinie - Rei das Praias Restaurant","isPartOf":{"@id":"https:\/\/restaurantereidaspraias.com\/#website"},"datePublished":"2024-11-29T15:54:38+00:00","dateModified":"2024-12-18T16:48:53+00:00","breadcrumb":{"@id":"https:\/\/restaurantereidaspraias.com\/politica-de-privacidade\/#breadcrumb"},"inLanguage":"de","potentialAction":[{"@type":"ReadAction","target":["https:\/\/restaurantereidaspraias.com\/politica-de-privacidade\/"]}]},{"@type":"BreadcrumbList","@id":"https:\/\/restaurantereidaspraias.com\/politica-de-privacidade\/#breadcrumb","itemListElement":[{"@type":"ListItem","position":1,"name":"In\u00edcio","item":"https:\/\/restaurantereidaspraias.com\/"},{"@type":"ListItem","position":2,"name":"Pol\u00edtica de Privacidade"}]},{"@type":"WebSite","@id":"https:\/\/restaurantereidaspraias.com\/#website","url":"https:\/\/restaurantereidaspraias.com\/","name":"Rei das Praias Restaurant","description":"","publisher":{"@id":"https:\/\/restaurantereidaspraias.com\/#organization"},"potentialAction":[{"@type":"SearchAction","target":{"@type":"EntryPoint","urlTemplate":"https:\/\/restaurantereidaspraias.com\/?s={search_term_string}"},"query-input":{"@type":"PropertyValueSpecification","valueRequired":true,"valueName":"search_term_string"}}],"inLanguage":"de"},{"@type":"Organization","@id":"https:\/\/restaurantereidaspraias.com\/#organization","name":"Rei das Praias Restaurant","url":"https:\/\/restaurantereidaspraias.com\/","logo":{"@type":"ImageObject","inLanguage":"de","@id":"https:\/\/restaurantereidaspraias.com\/#\/schema\/logo\/image\/","url":"https:\/\/restaurantereidaspraias.com\/wp-content\/uploads\/2024\/11\/cropped-FAV_ICON.png","contentUrl":"https:\/\/restaurantereidaspraias.com\/wp-content\/uploads\/2024\/11\/cropped-FAV_ICON.png","width":500,"height":500,"caption":"Restaurante Rei das Praias"},"image":{"@id":"https:\/\/restaurantereidaspraias.com\/#\/schema\/logo\/image\/"}}]}},"_links":{"self":[{"href":"https:\/\/restaurantereidaspraias.com\/de\/wp-json\/wp\/v2\/pages\/1707","targetHints":{"allow":["GET"]}}],"collection":[{"href":"https:\/\/restaurantereidaspraias.com\/de\/wp-json\/wp\/v2\/pages"}],"about":[{"href":"https:\/\/restaurantereidaspraias.com\/de\/wp-json\/wp\/v2\/types\/page"}],"author":[{"embeddable":true,"href":"https:\/\/restaurantereidaspraias.com\/de\/wp-json\/wp\/v2\/users\/1"}],"replies":[{"embeddable":true,"href":"https:\/\/restaurantereidaspraias.com\/de\/wp-json\/wp\/v2\/comments?post=1707"}],"version-history":[{"count":3,"href":"https:\/\/restaurantereidaspraias.com\/de\/wp-json\/wp\/v2\/pages\/1707\/revisions"}],"predecessor-version":[{"id":2850,"href":"https:\/\/restaurantereidaspraias.com\/de\/wp-json\/wp\/v2\/pages\/1707\/revisions\/2850"}],"wp:attachment":[{"href":"https:\/\/restaurantereidaspraias.com\/de\/wp-json\/wp\/v2\/media?parent=1707"}],"curies":[{"name":"wp","href":"https:\/\/api.w.org\/{rel}","templated":true}]}}